{"id":593,"date":"2024-10-14T08:55:40","date_gmt":"2024-10-14T06:55:40","guid":{"rendered":"https:\/\/new.pibomulti.com\/?page_id=593"},"modified":"2025-07-07T15:49:06","modified_gmt":"2025-07-07T13:49:06","slug":"uhrmacherei","status":"publish","type":"page","link":"https:\/\/pibomulti.com\/de\/uhrmacherei\/","title":{"rendered":"Uhrmacherei"},"content":{"rendered":"<section class=\"section shadow-header\" id=\"section_1368469135\">\n\t\t<div class=\"section-bg fill\" >\n\t\t\t\t\t\t\t\t\t\n\t\t\t\n\n\t\t<\/div>\n\n\t\t\n\n\t\t<div class=\"section-content relative\">\n\t\t\t\n\n\t<div class=\"img has-hover x md-x lg-x y md-y lg-y\" id=\"image_1711661811\">\n\t\t\t\t\t\t\t\t<div class=\"img-inner dark\" >\n\t\t\t<img loading=\"lazy\" decoding=\"async\" width=\"1920\" height=\"300\" src=\"https:\/\/pibomulti.com\/wp-content\/uploads\/horlogerie-banner-light.webp\" class=\"attachment-original size-original not-transparent\" alt=\"Uhrmacherei\" srcset=\"https:\/\/pibomulti.com\/wp-content\/uploads\/horlogerie-banner-light.webp 1920w, https:\/\/pibomulti.com\/wp-content\/uploads\/horlogerie-banner-light-800x125.webp 800w, https:\/\/pibomulti.com\/wp-content\/uploads\/horlogerie-banner-light-1400x219.webp 1400w, https:\/\/pibomulti.com\/wp-content\/uploads\/horlogerie-banner-light-768x120.webp 768w, https:\/\/pibomulti.com\/wp-content\/uploads\/horlogerie-banner-light-1536x240.webp 1536w, https:\/\/pibomulti.com\/wp-content\/uploads\/horlogerie-banner-light-18x3.webp 18w\" sizes=\"auto, (max-width: 1920px) 100vw, 1920px\" data-has-transparency=\"false\" data-dominant-color=\"aaa39a\" style=\"--dominant-color: #aaa39a;\" \/>\t\t\t\t\t\t\n\t\t\t\t\t<\/div>\n\t\t\t\t\t\t\t\t\n<style>\n#image_1711661811 {\n  width: 100%;\n}\n<\/style>\n\t<\/div>\n\t\n\n\n\t\t<\/div>\n\n\t\t\n<style>\n#section_1368469135 {\n  padding-top: 0px;\n  padding-bottom: 0px;\n  min-height: 0px;\n}\n<\/style>\n\t<\/section>\n\t\n\n\t<section class=\"section\" id=\"section_2146925543\">\n\t\t<div class=\"section-bg fill\" >\n\t\t\t\t\t\t\t\t\t\n\t\t\t\n\n\t\t<\/div>\n\n\t\t\n\t<div class=\"ux-shape-divider ux-shape-divider--bottom ux-shape-divider--style-tilt\">\n\t\t<svg viewbox=\"0 0 1000 100\" xmlns=\"http:\/\/www.w3.org\/2000\/svg\" preserveaspectratio=\"none\">\n\t<path class=\"ux-shape-fill\" d=\"M1000 100V0L-40 100H1000Z\"\/>\n<\/svg>\n\t<\/div>\n\n\t\t<div class=\"section-content relative\">\n\t\t\t\n\n<div class=\"row row-collapse\" style=\"max-width:1200px\" id=\"row-672810957\">\n\n\n\t<div id=\"col-406122935\" class=\"col small-12 large-12\"  data-animate=\"fadeInUp\">\n\t\t\t\t<div class=\"col-inner box-shadow-5\" style=\"background-color:rgb(255,255,255);\" >\n\t\t\t\n\t<div class=\"is-border\"\n\t\tstyle=\"border-color:rgb(206, 14, 45);border-radius:25px;border-width:6px 0px 0px 0px;\">\n\t<\/div>\n\t\t\t\n\n\t<div id=\"text-3107688953\" class=\"text\">\n\t\t\n\n<h1>BOHRMODUL F\u00dcR FEDERSTEGL\u00d6CHER<\/h1>\n\t\t\n<style>\n#text-3107688953 {\n  font-size: 1.25rem;\n  text-align: center;\n}\n@media (min-width:550px) {\n  #text-3107688953 {\n    font-size: 1rem;\n  }\n}\n<\/style>\n\t<\/div>\n\t\n<div class=\"text-center\"><div class=\"is-divider divider clearfix\" style=\"max-width:100px;height:2px;background-color:rgb(206, 14, 45);\"><\/div><\/div>\n\n\t<div id=\"gap-1709495919\" class=\"gap-element clearfix\" style=\"display:block; height:auto;\">\n\t\t\n<style>\n#gap-1709495919 {\n  padding-top: 40px;\n}\n<\/style>\n\t<\/div>\n\t\n\n<div class=\"row align-middle\"  id=\"row-1305825200\">\n\n\n\t<div id=\"col-1235330615\" class=\"col medium-7 small-12 large-7\"  >\n\t\t\t\t<div class=\"col-inner\"  >\n\t\t\t\n\t\t\t\n\n<h4><strong>Speziell f\u00fcr die Uhrmacherei entwickelt<\/strong><\/h4>\n<p style=\"text-align: justify;\" class=\"translation-block\">Das hochminiaturisierte <strong>PIBOMULTI<\/strong> Bohrmodul bietet eine pr\u00e4zise und effiziente L\u00f6sung f\u00fcr das Bohren von Federstegl\u00f6chern in die Bandanst\u00f6\u00dfe von Uhrengeh\u00e4usen sowie f\u00fcr andere Anwendungen in der Schmuckindustrie. Mit einer Spindeldrehzahl von bis zu 15.000 U\/min gew\u00e4hrleistet dieses Modul pr\u00e4zise, senkrechte Bohrungen und verl\u00e4ngert gleichzeitig die Standzeit der Werkzeuge durch den Einsatz kurzer Bohrer.<\/p>\n<p style=\"text-align: justify;\">Dieses Verfahren, bekannt f\u00fcr seine Zuverl\u00e4ssigkeit, entspricht den Marktstandards und ist mit einer Vielzahl von Werkzeugmaschinen kompatibel.<\/p>\n<p style=\"text-align: justify;\">Dieses Modul ist das perfekte Beispiel f\u00fcr das Know-how von PIBOMULTI in der Entwicklung und Herstellung ma\u00dfgeschneiderter Spezialwerkzeuge f\u00fcr spezifische Anwendungen.<\/p>\n\n\t\t<\/div>\n\t\t\t\t\t<\/div>\n\n\t\n\n\t<div id=\"col-133368122\" class=\"col medium-5 small-12 large-5\"  >\n\t\t\t\t<div class=\"col-inner text-center\"  >\n\t\t\t\n\t\t\t\n\n\t<div class=\"img has-hover x md-x lg-x y md-y lg-y\" id=\"image_1767067997\">\n\t\t\t\t\t\t\t\t<div class=\"img-inner dark\" >\n\t\t\t<img loading=\"lazy\" decoding=\"async\" width=\"949\" height=\"800\" src=\"https:\/\/pibomulti.com\/wp-content\/uploads\/trous-de-barette-V2-949x800.webp\" class=\"attachment-large size-large has-transparency\" alt=\"L\u00f6cher von V2-Streifen\" srcset=\"https:\/\/pibomulti.com\/wp-content\/uploads\/trous-de-barette-V2-949x800.webp 949w, https:\/\/pibomulti.com\/wp-content\/uploads\/trous-de-barette-V2-475x400.webp 475w, https:\/\/pibomulti.com\/wp-content\/uploads\/trous-de-barette-V2-768x647.webp 768w, https:\/\/pibomulti.com\/wp-content\/uploads\/trous-de-barette-V2-1536x1295.webp 1536w, https:\/\/pibomulti.com\/wp-content\/uploads\/trous-de-barette-V2-14x12.webp 14w, https:\/\/pibomulti.com\/wp-content\/uploads\/trous-de-barette-V2.webp 1571w\" sizes=\"auto, (max-width: 949px) 100vw, 949px\" data-has-transparency=\"true\" data-dominant-color=\"4b4949\" style=\"--dominant-color: #4b4949;\" \/>\t\t\t\t\t\t\n\t\t\t\t\t<\/div>\n\t\t\t\t\t\t\t\t\n<style>\n#image_1767067997 {\n  width: 90%;\n}\n<\/style>\n\t<\/div>\n\t\n\n\n\t\t<\/div>\n\t\t\t\t\t<\/div>\n\n\t\n\n<\/div>\n<div class=\"row row-collapse align-middle\"  id=\"row-1810825468\">\n\n\n\t<div id=\"col-841627813\" class=\"col medium-7 small-12 large-7\"  >\n\t\t\t\t<div class=\"col-inner\"  >\n\t\t\t\n\t\t\t\n\n\t<div id=\"text-631597968\" class=\"text\">\n\t\t\n\n<div><div id=\"image-map-pro-2d5e0e64-132d-4793-8aed-dfad3c869d65\"><\/div><\/div>\n\t\t\n<style>\n#text-631597968 {\n  text-align: center;\n}\n<\/style>\n\t<\/div>\n\t\n\n\t\t<\/div>\n\t\t\t\t\n<style>\n#col-841627813 > .col-inner {\n  padding: 0px 20px 0px 0px;\n  margin: 0px 0px 30px 0px;\n}\n<\/style>\n\t<\/div>\n\n\t\n\n\t<div id=\"col-368932817\" class=\"col medium-5 small-12 large-5\"  >\n\t\t\t\t<div class=\"col-inner\"  >\n\t\t\t\n\t\t\t\n\n<ul>\n<li>Senkrechtbohren<\/li>\n<li>Kurze Werkzeuge<\/li>\n<li>Verl\u00e4ngerte Werkzeugstandzeit<\/li>\n<li>M\u00f6glichkeit zur Fasenbearbeitung (kombinierte Werkzeuge)<\/li>\n<li>Verk\u00fcrzung der Zykluszeit<\/li>\n<li>Anpassung an jeden Maschinentyp, um eine Nacharbeit zu vermeiden.<\/li>\n<li>Spindeldrehzahl: 15.000 U\/min<\/li>\n<\/ul>\n\n\t\t<\/div>\n\t\t\t\t\t<\/div>\n\n\t\n\n<\/div>\n<div class=\"row row-collapse\"  id=\"row-1845038944\">\n\n\n\t<div id=\"col-1535322203\" class=\"col small-12 large-12\"  >\n\t\t\t\t<div class=\"col-inner text-center\"  >\n\t\t\t\n\t\t\t\n\n\t<div class=\"img has-hover x md-x lg-x y md-y lg-y\" id=\"image_1765930576\">\n\t\t\t\t\t\t<div data-animate=\"bounceIn\">\t\t<div class=\"img-inner dark\" >\n\t\t\t<img loading=\"lazy\" decoding=\"async\" width=\"1020\" height=\"107\" src=\"https:\/\/pibomulti.com\/wp-content\/uploads\/SWISS_MADE_300ppp-1400x147.webp\" class=\"attachment-large size-large has-transparency\" alt=\"SWISS MADE 300ppp scaled\" srcset=\"https:\/\/pibomulti.com\/wp-content\/uploads\/SWISS_MADE_300ppp-1400x147.webp 1400w, https:\/\/pibomulti.com\/wp-content\/uploads\/SWISS_MADE_300ppp-800x84.webp 800w, https:\/\/pibomulti.com\/wp-content\/uploads\/SWISS_MADE_300ppp-768x81.webp 768w, https:\/\/pibomulti.com\/wp-content\/uploads\/SWISS_MADE_300ppp-1536x162.webp 1536w, https:\/\/pibomulti.com\/wp-content\/uploads\/SWISS_MADE_300ppp-2048x215.webp 2048w, https:\/\/pibomulti.com\/wp-content\/uploads\/SWISS_MADE_300ppp-18x2.webp 18w\" sizes=\"auto, (max-width: 1020px) 100vw, 1020px\" data-has-transparency=\"true\" data-dominant-color=\"241516\" style=\"--dominant-color: #241516;\" \/>\t\t\t\t\t\t\n\t\t\t\t\t<\/div>\n\t\t<\/div>\t\t\t\t\t\t\n<style>\n#image_1765930576 {\n  width: 50%;\n}\n@media (min-width:550px) {\n  #image_1765930576 {\n    width: 15%;\n  }\n}\n<\/style>\n\t<\/div>\n\t\n\n\n\t\t<\/div>\n\t\t\t\t\n<style>\n#col-1535322203 > .col-inner {\n  margin: 20px 0px 0px 0px;\n}\n@media (min-width:550px) {\n  #col-1535322203 > .col-inner {\n    margin: 50px 0px 0px 0px;\n  }\n}\n<\/style>\n\t<\/div>\n\n\t\n\n<\/div>\n\n\t\t<\/div>\n\t\t\t\t\n<style>\n#col-406122935 > .col-inner {\n  padding: 20px 20px 20px 20px;\n  margin: -30px 0px 0px 0px;\n  border-radius: 25px;\n}\n@media (min-width:550px) {\n  #col-406122935 > .col-inner {\n    padding: 60px 60px 60px 60px;\n    margin: -80px 0px 0px 0px;\n  }\n}\n@media (min-width:850px) {\n  #col-406122935 > .col-inner {\n    margin: -170px 0px 0px 0px;\n  }\n}\n<\/style>\n\t<\/div>\n\n\t\n\n<\/div>\n\n\t\t<\/div>\n\n\t\t\n<style>\n#section_2146925543 {\n  padding-top: 20px;\n  padding-bottom: 20px;\n}\n#section_2146925543 .ux-shape-divider--bottom svg {\n  height: 100px;\n  --divider-width: 100%;\n}\n#section_2146925543 .ux-shape-divider--bottom .ux-shape-fill {\n  fill: rgb(64, 70, 76);\n}\n@media (min-width:550px) {\n  #section_2146925543 {\n    padding-top: 60px;\n    padding-bottom: 60px;\n  }\n}\n<\/style>\n\t<\/section>\n\t\n\n\t<section class=\"section dark\" id=\"section_710918980\">\n\t\t<div class=\"section-bg fill\" >\n\t\t\t\t\t\t\t\t\t\n\t\t\t\n\n\t\t<\/div>\n\n\t\t\n\n\t\t<div class=\"section-content relative\">\n\t\t\t\n\n<div class=\"row\"  id=\"row-934104039\">\n\n\n\t<div id=\"col-1406847510\" class=\"col small-12 large-12\"  >\n\t\t\t\t<div class=\"col-inner\"  >\n\t\t\t\n\t\t\t\n\n<div class=\"row row-collapse row-full-width align-center\"  id=\"row-1480452386\">\n\n\n\t<div id=\"col-1930862664\" class=\"col small-12 large-12\"  >\n\t\t\t\t<div class=\"col-inner\"  >\n\t\t\t\n\t\t\t\n\n\t<div id=\"text-631601716\" class=\"text\">\n\t\t\n\n<h2>Kataloge<\/h2>\n\t\t\n<style>\n#text-631601716 {\n  font-size: 1.25rem;\n}\n<\/style>\n\t<\/div>\n\t\n<div class=\"is-divider divider clearfix\" style=\"margin-top:0px;margin-bottom:0px;max-width:1300px;height:1px;background-color:rgb(206, 14, 45);\"><\/div>\n\n\t<div id=\"gap-1820478531\" class=\"gap-element clearfix\" style=\"display:block; height:auto;\">\n\t\t\n<style>\n#gap-1820478531 {\n  padding-top: 20px;\n}\n<\/style>\n\t<\/div>\n\t\n\n\t<div id=\"text-3407199001\" class=\"text\">\n\t\t\n\n<p style=\"text-align: justify;\">Entdecken Sie unsere Produktkataloge und erkunden Sie im Detail unser umfassendes Angebot an L\u00f6sungen, die speziell auf Ihre Anforderungen in der Pr\u00e4zisionsbearbeitung zugeschnitten sind. Wenn Sie besondere Anforderungen haben oder Projekte mit ma\u00dfgeschneiderten Spezialk\u00f6pfen realisieren m\u00f6chten, z\u00f6gern Sie nicht, uns zu kontaktieren. Dank unserer Expertise und Flexibilit\u00e4t entwickeln wir individuelle L\u00f6sungen, die exakt auf Ihre Bed\u00fcrfnisse abgestimmt sind. Ihr Projekt verdient ma\u00dfgeschneiderte Aufmerksamkeit \u2013 lassen Sie uns gemeinsam dar\u00fcber sprechen!<\/p>\n\t\t\n<style>\n#text-3407199001 {\n  text-align: left;\n}\n<\/style>\n\t<\/div>\n\t\n\n\t\t<\/div>\n\t\t\t\t\t<\/div>\n\n\t\n\n<\/div>\n\n\t\t<\/div>\n\t\t\t\t\t<\/div>\n\n\t\n\n<\/div>\n<div class=\"row align-center catalogues\"  id=\"row-1799460031\">\n\n\n\t<div id=\"col-424939285\" class=\"col hide-for-small medium-4 small-12 large-4\"  >\n\t\t\t\t<div class=\"col-inner\"  >\n\t\t\t\n\t\t\t\n\n\n\t\t<\/div>\n\t\t\t\t\t<\/div>\n\n\t\n\n\t<div id=\"col-1809523435\" class=\"col medium-4 small-12 large-4\"  >\n\t\t\t\t<div class=\"col-inner\"  >\n\t\t\t\n\t\t\t\n\n\t<div id=\"text-4136076597\" class=\"text\">\n\t\t\n\n<h2 style=\"text-align: center;\">HORLOGERIE<\/h2>\n\t\t\n<style>\n#text-4136076597 {\n  font-size: 1rem;\n  text-align: center;\n}\n@media (min-width:550px) {\n  #text-4136076597 {\n    font-size: 1rem;\n  }\n}\n<\/style>\n\t<\/div>\n\t\n\t<div id=\"gap-2102364339\" class=\"gap-element clearfix\" style=\"display:block; height:auto;\">\n\t\t\n<style>\n#gap-2102364339 {\n  padding-top: 15px;\n}\n<\/style>\n\t<\/div>\n\t\n\n\t<div class=\"img has-hover x md-x lg-x y md-y lg-y\" id=\"image_144604607\">\n\t\t<a class=\"\" href=\"\/wp-content\/uploads\/catalogues\/barrettes.pdf\" target=\"_blank\" rel=\"Horlogerie noopener\" >\t\t\t\t\t\t<div class=\"img-inner dark\" >\n\t\t\t<img loading=\"lazy\" decoding=\"async\" width=\"563\" height=\"800\" src=\"https:\/\/pibomulti.com\/wp-content\/uploads\/2024\/10\/barrettes-563x800.webp\" class=\"attachment-large size-large not-transparent\" alt=\"Leisten\" srcset=\"https:\/\/pibomulti.com\/wp-content\/uploads\/2024\/10\/barrettes-563x800.webp 563w, https:\/\/pibomulti.com\/wp-content\/uploads\/2024\/10\/barrettes-281x400.webp 281w, https:\/\/pibomulti.com\/wp-content\/uploads\/2024\/10\/barrettes-768x1091.webp 768w, https:\/\/pibomulti.com\/wp-content\/uploads\/2024\/10\/barrettes-1081x1536.webp 1081w, https:\/\/pibomulti.com\/wp-content\/uploads\/2024\/10\/barrettes-8x12.webp 8w, https:\/\/pibomulti.com\/wp-content\/uploads\/2024\/10\/barrettes.webp 1183w\" sizes=\"auto, (max-width: 563px) 100vw, 563px\" data-has-transparency=\"false\" data-dominant-color=\"dcc991\" style=\"--dominant-color: #dcc991;\" \/>\t\t\t\t\t\t\n\t\t\t\t\t<\/div>\n\t\t\t\t\t\t<\/a>\t\t\n<style>\n#image_144604607 {\n  width: 100%;\n}\n<\/style>\n\t<\/div>\n\t\n\n\n\t\t<\/div>\n\t\t\t\t\t<\/div>\n\n\t\n\n\t<div id=\"col-1723740116\" class=\"col hide-for-small medium-4 small-12 large-4\"  >\n\t\t\t\t<div class=\"col-inner\"  >\n\t\t\t\n\t\t\t\n\n\n\t\t<\/div>\n\t\t\t\t\t<\/div>\n\n\t\n\n\n<style>\n#row-1799460031 > .col > .col-inner {\n  padding: 0px 0px 30px 0px;\n}\n<\/style>\n<\/div>\n\n\t\t<\/div>\n\n\t\t\n<style>\n#section_710918980 {\n  padding-top: 20px;\n  padding-bottom: 20px;\n  background-color: rgb(64, 70, 76);\n}\n@media (min-width:550px) {\n  #section_710918980 {\n    padding-top: 70px;\n    padding-bottom: 70px;\n  }\n}\n@media (min-width:850px) {\n  #section_710918980 {\n    padding-top: 40px;\n    padding-bottom: 40px;\n  }\n}\n<\/style>\n\t<\/section>\n\t\n\n\t<section class=\"section\" id=\"section_1080681113\">\n\t\t<div class=\"section-bg fill\" >\n\t\t\t\t\t\t\t\t\t\n\t\t\t\n\t<div class=\"is-border\"\n\t\tstyle=\"border-color:rgb(206, 14, 45);border-width:0px 0px 0px 0px;\">\n\t<\/div>\n\n\t\t<\/div>\n\n\t\t\t<div class=\"ux-shape-divider ux-shape-divider--top ux-shape-divider--style-tilt\">\n\t\t<svg viewbox=\"0 0 1000 100\" xmlns=\"http:\/\/www.w3.org\/2000\/svg\" preserveaspectratio=\"none\">\n\t<path class=\"ux-shape-fill\" d=\"M1000 100V0L-40 100H1000Z\"\/>\n<\/svg>\n\t<\/div>\n\n\n\t\t<div class=\"section-content relative\">\n\t\t\t\n\n<div class=\"row\"  id=\"row-1680321875\">\n\n\n\t<div id=\"col-1772908042\" class=\"col small-12 large-12\"  data-animate=\"bounceIn\">\n\t\t\t\t<div class=\"col-inner box-shadow-5\" style=\"background-color:rgb(242, 242, 242);\" >\n\t\t\t\n\t<div class=\"is-border\"\n\t\tstyle=\"border-color:rgb(206, 14, 45);border-radius:25px;border-width:4px 4px 4px 4px;\">\n\t<\/div>\n\t\t\t\n\n<div class=\"row align-middle align-center\" style=\"max-width:1200px\" id=\"row-498494721\">\n\n\n\t<div id=\"col-617364605\" class=\"col small-12 large-12\"  >\n\t\t\t\t<div class=\"col-inner\"  >\n\t\t\t\n\t\t\t\n\n<h3 style=\"text-align: center;\"><strong><span style=\"font-size: 140%;\">Ben\u00f6tigen Sie eine ma\u00dfgeschneiderte L\u00f6sung f\u00fcr Ihre Projekte?<\/span><\/strong><\/h3>\n<h4 style=\"text-align: center;\"><span style=\"font-size: 140%;\">Ohne weiter zu warten,<\/span><\/h4>\n<div class=\"row align-middle align-center\"  id=\"row-1174757380\">\n\n\n\t<div id=\"col-1266548447\" class=\"col medium-5 small-12 large-5\"  >\n\t\t\t\t<div class=\"col-inner text-center\"  >\n\t\t\t\n\t\t\t\n\n<a data-animate=\"bounceIn\" href=\"\/de\/kontakt\/?wpf750_9=Demande%20de%20devis#pbm-contact-form\" class=\"button primary box-shadow-3 box-shadow-5-hover expand\" style=\"border-radius:50px;padding:5px 30px 5px 30px;\">\n\t\t<span>Angebot anfordern<\/span>\n\t<\/a>\n\n\n\n\t\t<\/div>\n\t\t\t\t\n<style>\n#col-1266548447 > .col-inner {\n  margin: 40px 0px 0px 0px;\n}\n<\/style>\n\t<\/div>\n\n\t\n\n\t<div id=\"col-1723675389\" class=\"col cta-or medium-2 small-12 large-2\"  >\n\t\t\t\t<div class=\"col-inner text-center\"  >\n\t\t\t\n\t\t\t\n\n\t<div id=\"text-3262150755\" class=\"text\">\n\t\t\n\n<p style=\"text-align: center;\">Oder<\/p>\n\t\t\n<style>\n#text-3262150755 {\n  font-size: 2rem;\n  text-align: center;\n}\n<\/style>\n\t<\/div>\n\t\n\n\t\t<\/div>\n\t\t\t\t\n<style>\n#col-1723675389 > .col-inner {\n  margin: 40px 0px 0px 0px;\n}\n<\/style>\n\t<\/div>\n\n\t\n\n\t<div id=\"col-908627538\" class=\"col medium-5 small-12 large-5\"  >\n\t\t\t\t<div class=\"col-inner text-center\"  >\n\t\t\t\n\t\t\t\n\n<a data-animate=\"bounceIn\" href=\"\/de\/kontakt\/\" class=\"button primary box-shadow-3 box-shadow-5-hover expand\" style=\"border-radius:50px;padding:5px 30px 5px 30px;\">\n\t\t<span>Kontaktieren Sie uns<\/span>\n\t<\/a>\n\n\n\n\t\t<\/div>\n\t\t\t\t\n<style>\n#col-908627538 > .col-inner {\n  padding: 5px 0px 5px 0px;\n  margin: 40px 0px 0px 0px;\n}\n<\/style>\n\t<\/div>\n\n\t\n\n<\/div>\n\n\t\t<\/div>\n\t\t\t\t\n<style>\n#col-617364605 > .col-inner {\n  margin: 30px 0px 0px 0px;\n}\n<\/style>\n\t<\/div>\n\n\t\n\n<\/div>\n\n\t\t<\/div>\n\t\t\t\t\n<style>\n#col-1772908042 > .col-inner {\n  padding: 30px 20px 0px 20px;\n  margin: -40px 0px 40px 0px;\n  border-radius: 25px;\n}\n@media (min-width:550px) {\n  #col-1772908042 > .col-inner {\n    padding: 60px 60px 30px 60px;\n    margin: 0px 0px 90px 0px;\n  }\n}\n<\/style>\n\t<\/div>\n\n\t\n\n<\/div>\n\n\t\t<\/div>\n\n\t\t\n<style>\n#section_1080681113 {\n  padding-top: 0px;\n  padding-bottom: 0px;\n}\n#section_1080681113 .ux-shape-divider--top svg {\n  height: 100px;\n  --divider-top-width: 100%;\n}\n#section_1080681113 .ux-shape-divider--top .ux-shape-fill {\n  fill: rgb(64, 70, 76);\n}\n@media (min-width:550px) {\n  #section_1080681113 {\n    padding-top: 75px;\n    padding-bottom: 75px;\n  }\n}\n@media (min-width:850px) {\n  #section_1080681113 {\n    padding-top: 0px;\n    padding-bottom: 0px;\n  }\n}\n<\/style>\n\t<\/section>","protected":false},"excerpt":{"rendered":"","protected":false},"author":1,"featured_media":0,"parent":0,"menu_order":0,"comment_status":"closed","ping_status":"closed","template":"page-blank.php","meta":{"footnotes":""},"folder":[],"class_list":["post-593","page","type-page","status-publish","hentry"],"yoast_head":"<!-- This site is optimized with the Yoast SEO plugin v26.9 - https:\/\/yoast.com\/product\/yoast-seo-wordpress\/ -->\n<title>Horlogerie - PIBOMULTI S.A.<\/title>\n<meta name=\"description\" content=\"Le module de per\u00e7age PIBOMULTI, hautement miniaturis\u00e9, offre une solution pr\u00e9cise et efficace pour le per\u00e7age de trous de barrettes.\" \/>\n<meta name=\"robots\" content=\"index, follow, max-snippet:-1, max-image-preview:large, max-video-preview:-1\" \/>\n<link rel=\"canonical\" href=\"https:\/\/ay66f5bvlop.preview.infomaniak.website\/horlogerie\/\" \/>\n<meta property=\"og:locale\" content=\"de_DE\" \/>\n<meta property=\"og:type\" content=\"article\" \/>\n<meta property=\"og:title\" content=\"Horlogerie - PIBOMULTI S.A.\" \/>\n<meta property=\"og:description\" content=\"Le module de per\u00e7age PIBOMULTI, hautement miniaturis\u00e9, offre une solution pr\u00e9cise et efficace pour le per\u00e7age de trous de barrettes.\" \/>\n<meta property=\"og:url\" content=\"https:\/\/ay66f5bvlop.preview.infomaniak.website\/horlogerie\/\" \/>\n<meta property=\"og:site_name\" content=\"PIBOMULTI S.A.\" \/>\n<meta property=\"article:modified_time\" content=\"2025-07-07T13:49:06+00:00\" \/>\n<meta name=\"twitter:card\" content=\"summary_large_image\" \/>\n<meta name=\"twitter:label1\" content=\"Gesch\u00e4tzte Lesezeit\" \/>\n\t<meta name=\"twitter:data1\" content=\"3\u00a0Minuten\" \/>\n<script type=\"application\/ld+json\" class=\"yoast-schema-graph\">{\"@context\":\"https:\/\/schema.org\",\"@graph\":[{\"@type\":\"WebPage\",\"@id\":\"https:\/\/ay66f5bvlop.preview.infomaniak.website\/horlogerie\/\",\"url\":\"https:\/\/ay66f5bvlop.preview.infomaniak.website\/horlogerie\/\",\"name\":\"Horlogerie - PIBOMULTI S.A.\",\"isPartOf\":{\"@id\":\"https:\/\/ay66f5bvlop.preview.infomaniak.website\/#website\"},\"datePublished\":\"2024-10-14T06:55:40+00:00\",\"dateModified\":\"2025-07-07T13:49:06+00:00\",\"description\":\"Le module de per\u00e7age PIBOMULTI, hautement miniaturis\u00e9, offre une solution pr\u00e9cise et efficace pour le per\u00e7age de trous de barrettes.\",\"breadcrumb\":{\"@id\":\"https:\/\/ay66f5bvlop.preview.infomaniak.website\/horlogerie\/#breadcrumb\"},\"inLanguage\":\"de\",\"potentialAction\":[{\"@type\":\"ReadAction\",\"target\":[\"https:\/\/ay66f5bvlop.preview.infomaniak.website\/horlogerie\/\"]}]},{\"@type\":\"BreadcrumbList\",\"@id\":\"https:\/\/ay66f5bvlop.preview.infomaniak.website\/horlogerie\/#breadcrumb\",\"itemListElement\":[{\"@type\":\"ListItem\",\"position\":1,\"name\":\"Home\",\"item\":\"https:\/\/pibomulti.com\/\"},{\"@type\":\"ListItem\",\"position\":2,\"name\":\"Horlogerie\"}]},{\"@type\":\"WebSite\",\"@id\":\"https:\/\/ay66f5bvlop.preview.infomaniak.website\/#website\",\"url\":\"https:\/\/ay66f5bvlop.preview.infomaniak.website\/\",\"name\":\"PIBOMULTI S.A.\",\"description\":\"M\u00e9canique de pr\u00e9cision\",\"publisher\":{\"@id\":\"https:\/\/ay66f5bvlop.preview.infomaniak.website\/#organization\"},\"potentialAction\":[{\"@type\":\"SearchAction\",\"target\":{\"@type\":\"EntryPoint\",\"urlTemplate\":\"https:\/\/ay66f5bvlop.preview.infomaniak.website\/?s={search_term_string}\"},\"query-input\":{\"@type\":\"PropertyValueSpecification\",\"valueRequired\":true,\"valueName\":\"search_term_string\"}}],\"inLanguage\":\"de\"},{\"@type\":\"Organization\",\"@id\":\"https:\/\/ay66f5bvlop.preview.infomaniak.website\/#organization\",\"name\":\"PIBOMULTI S.A.\",\"url\":\"https:\/\/ay66f5bvlop.preview.infomaniak.website\/\",\"logo\":{\"@type\":\"ImageObject\",\"inLanguage\":\"de\",\"@id\":\"https:\/\/ay66f5bvlop.preview.infomaniak.website\/#\/schema\/logo\/image\/\",\"url\":\"https:\/\/pibomulti.com\/wp-content\/uploads\/PIBOMULTI_NEW2_72ppp_2.png\",\"contentUrl\":\"https:\/\/pibomulti.com\/wp-content\/uploads\/PIBOMULTI_NEW2_72ppp_2.png\",\"width\":5801,\"height\":1646,\"caption\":\"PIBOMULTI S.A.\"},\"image\":{\"@id\":\"https:\/\/ay66f5bvlop.preview.infomaniak.website\/#\/schema\/logo\/image\/\"},\"sameAs\":[\"https:\/\/www.linkedin.com\/company\/pibomulti-s-a\"]}]}<\/script>\n<!-- \/ Yoast SEO plugin. -->","yoast_head_json":{"title":"Uhrenindustrie - PIBOMULTI S.A.","description":"Das hochminiaturisierte PIBOMULTI-Bohrmodul bietet eine pr\u00e4zise und effiziente L\u00f6sung f\u00fcr das Bohren von L\u00f6chern in Stegen.","robots":{"index":"index","follow":"follow","max-snippet":"max-snippet:-1","max-image-preview":"max-image-preview:large","max-video-preview":"max-video-preview:-1"},"canonical":"https:\/\/ay66f5bvlop.preview.infomaniak.website\/horlogerie\/","og_locale":"de_DE","og_type":"article","og_title":"Horlogerie - PIBOMULTI S.A.","og_description":"Le module de per\u00e7age PIBOMULTI, hautement miniaturis\u00e9, offre une solution pr\u00e9cise et efficace pour le per\u00e7age de trous de barrettes.","og_url":"https:\/\/ay66f5bvlop.preview.infomaniak.website\/horlogerie\/","og_site_name":"PIBOMULTI S.A.","article_modified_time":"2025-07-07T13:49:06+00:00","twitter_card":"summary_large_image","twitter_misc":{"Gesch\u00e4tzte Lesezeit":"3\u00a0Minuten"},"schema":{"@context":"https:\/\/schema.org","@graph":[{"@type":"WebPage","@id":"https:\/\/ay66f5bvlop.preview.infomaniak.website\/horlogerie\/","url":"https:\/\/ay66f5bvlop.preview.infomaniak.website\/horlogerie\/","name":"Uhrenindustrie - PIBOMULTI S.A.","isPartOf":{"@id":"https:\/\/ay66f5bvlop.preview.infomaniak.website\/#website"},"datePublished":"2024-10-14T06:55:40+00:00","dateModified":"2025-07-07T13:49:06+00:00","description":"Das hochminiaturisierte PIBOMULTI-Bohrmodul bietet eine pr\u00e4zise und effiziente L\u00f6sung f\u00fcr das Bohren von L\u00f6chern in Stegen.","breadcrumb":{"@id":"https:\/\/ay66f5bvlop.preview.infomaniak.website\/horlogerie\/#breadcrumb"},"inLanguage":"de","potentialAction":[{"@type":"ReadAction","target":["https:\/\/ay66f5bvlop.preview.infomaniak.website\/horlogerie\/"]}]},{"@type":"BreadcrumbList","@id":"https:\/\/ay66f5bvlop.preview.infomaniak.website\/horlogerie\/#breadcrumb","itemListElement":[{"@type":"ListItem","position":1,"name":"Home","item":"https:\/\/pibomulti.com\/"},{"@type":"ListItem","position":2,"name":"Horlogerie"}]},{"@type":"WebSite","@id":"https:\/\/ay66f5bvlop.preview.infomaniak.website\/#website","url":"https:\/\/ay66f5bvlop.preview.infomaniak.website\/","name":"PIBOMULTI S.A.","description":"Feinmechanik","publisher":{"@id":"https:\/\/ay66f5bvlop.preview.infomaniak.website\/#organization"},"potentialAction":[{"@type":"SearchAction","target":{"@type":"EntryPoint","urlTemplate":"https:\/\/ay66f5bvlop.preview.infomaniak.website\/?s={search_term_string}"},"query-input":{"@type":"PropertyValueSpecification","valueRequired":true,"valueName":"search_term_string"}}],"inLanguage":"de"},{"@type":"Organization","@id":"https:\/\/ay66f5bvlop.preview.infomaniak.website\/#organization","name":"PIBOMULTI S.A.","url":"https:\/\/ay66f5bvlop.preview.infomaniak.website\/","logo":{"@type":"ImageObject","inLanguage":"de","@id":"https:\/\/ay66f5bvlop.preview.infomaniak.website\/#\/schema\/logo\/image\/","url":"https:\/\/pibomulti.com\/wp-content\/uploads\/PIBOMULTI_NEW2_72ppp_2.png","contentUrl":"https:\/\/pibomulti.com\/wp-content\/uploads\/PIBOMULTI_NEW2_72ppp_2.png","width":5801,"height":1646,"caption":"PIBOMULTI S.A."},"image":{"@id":"https:\/\/ay66f5bvlop.preview.infomaniak.website\/#\/schema\/logo\/image\/"},"sameAs":["https:\/\/www.linkedin.com\/company\/pibomulti-s-a"]}]}},"_links":{"self":[{"href":"https:\/\/pibomulti.com\/de\/wp-json\/wp\/v2\/pages\/593","targetHints":{"allow":["GET"]}}],"collection":[{"href":"https:\/\/pibomulti.com\/de\/wp-json\/wp\/v2\/pages"}],"about":[{"href":"https:\/\/pibomulti.com\/de\/wp-json\/wp\/v2\/types\/page"}],"author":[{"embeddable":true,"href":"https:\/\/pibomulti.com\/de\/wp-json\/wp\/v2\/users\/1"}],"replies":[{"embeddable":true,"href":"https:\/\/pibomulti.com\/de\/wp-json\/wp\/v2\/comments?post=593"}],"version-history":[{"count":38,"href":"https:\/\/pibomulti.com\/de\/wp-json\/wp\/v2\/pages\/593\/revisions"}],"predecessor-version":[{"id":3091,"href":"https:\/\/pibomulti.com\/de\/wp-json\/wp\/v2\/pages\/593\/revisions\/3091"}],"wp:attachment":[{"href":"https:\/\/pibomulti.com\/de\/wp-json\/wp\/v2\/media?parent=593"}],"wp:term":[{"taxonomy":"folder","embeddable":true,"href":"https:\/\/pibomulti.com\/de\/wp-json\/wp\/v2\/folder?post=593"}],"curies":[{"name":"wp","href":"https:\/\/api.w.org\/{rel}","templated":true}]}}