{"id":1052,"date":"2024-11-20T16:05:10","date_gmt":"2024-11-20T15:05:10","guid":{"rendered":"https:\/\/new.pibomulti.com\/emplois\/"},"modified":"2025-07-07T15:45:05","modified_gmt":"2025-07-07T13:45:05","slug":"jobs","status":"publish","type":"page","link":"https:\/\/pibomulti.com\/en\/jobs\/","title":{"rendered":"Jobs"},"content":{"rendered":"<section class=\"section shadow-header\" id=\"section_95671864\">\n\t\t<div class=\"section-bg fill\" >\n\t\t\t<img loading=\"lazy\" decoding=\"async\" width=\"2560\" height=\"1707\" src=\"https:\/\/pibomulti.com\/wp-content\/uploads\/2024\/10\/DJI_0512L-scaled.webp\" class=\"bg attachment- size- not-transparent\" alt=\"Front of the company\" data-has-transparency=\"false\" data-dominant-color=\"41595b\" style=\"--dominant-color: #41595b;\" \/>\t\t\t\t\t\t<div class=\"section-bg-overlay absolute fill\"><\/div>\n\t\t\t\n\n\t\t<\/div>\n\n\t\t\n\n\t\t<div class=\"section-content relative\">\n\t\t\t\n\n<div class=\"row row-dashed\"  id=\"row-1560657999\">\n\n\n\n<style>\n#row-1560657999 > .col > .col-inner {\n  background-color: rgba(255, 255, 255, 0.297);\n}\n<\/style>\n<\/div>\n\n\t\t<\/div>\n\n\t\t\n<style>\n#section_95671864 {\n  padding-top: 30px;\n  padding-bottom: 30px;\n  min-height: 400px;\n}\n#section_95671864 .section-bg-overlay {\n  background-color: rgba(255,255,255,.5);\n}\n#section_95671864 .section-bg img {\n  object-position: 28% 49%;\n}\n@media (min-width:550px) {\n  #section_95671864 {\n    min-height: 600px;\n  }\n}\n@media (min-width:850px) {\n  #section_95671864 {\n    min-height: 600px;\n  }\n}\n<\/style>\n\t<\/section>\n\t\n<div class=\"row align-right\"  id=\"row-1392190002\">\n\n\n\t<div id=\"col-1332034407\" class=\"col medium-12 small-12 large-12\"  >\n\t\t\t\t<div class=\"col-inner box-shadow-5\" style=\"background-color:rgb(255,255,255);\" >\n\t\t\t\n\t<div class=\"is-border\"\n\t\tstyle=\"border-color:rgb(206, 14, 45);border-radius:25px;border-width:6px 0px 0px 0px;\">\n\t<\/div>\n\t\t\t\n\n\t<div id=\"text-3664776370\" class=\"text\">\n\t\t\n\n<h1>WORKING AT PIBOMULTI<\/h1>\n\t\t\n<style>\n#text-3664776370 {\n  font-size: 1.25rem;\n  text-align: center;\n}\n@media (min-width:550px) {\n  #text-3664776370 {\n    font-size: 1rem;\n  }\n}\n<\/style>\n\t<\/div>\n\t\n<div class=\"text-center\"><div class=\"is-divider divider clearfix\" style=\"max-width:100px;height:2px;background-color:rgb(206, 14, 45);\"><\/div><\/div>\n\n\t<div id=\"gap-1532683968\" class=\"gap-element clearfix\" style=\"display:block; height:auto;\">\n\t\t\n<style>\n#gap-1532683968 {\n  padding-top: 30px;\n}\n<\/style>\n\t<\/div>\n\t\n\n<h4 style=\"text-align: center;\" class=\"translation-block\"><strong>For more than four decades<\/strong>, <strong>PIBOMULTI S.A.<\/strong> has been a major player in the field of <strong>precision mechanics<\/strong>, specializing in the development and manufacturing of <strong>multi-spindle heads, angle heads, turret heads, and speed multipliers<\/strong>. Our products, renowned for their <strong>quality and reliability<\/strong>, are essential in various demanding industrial sectors.<\/h4>\n<h4 style=\"text-align: center;\" class=\"translation-block\">Working at PIBOMULTI means joining a <strong>renowned Swiss company<\/strong>, <strong>specialized since 1979<\/strong> in precision mechanics.<\/h4>\n\n\t\t<\/div>\n\t\t\t\t\n<style>\n#col-1332034407 > .col-inner {\n  padding: 20px 10px 20px 10px;\n  margin: -75px 0px 0px 0px;\n  border-radius: 25px;\n}\n@media (min-width:550px) {\n  #col-1332034407 > .col-inner {\n    padding: 40px 50px 40px 50px;\n    margin: -121px 0px 0px 0px;\n  }\n}\n@media (min-width:850px) {\n  #col-1332034407 > .col-inner {\n    margin: -120px 0px 0px 0px;\n  }\n}\n<\/style>\n\t<\/div>\n\n\t\n\n<\/div>\n\n\t<section class=\"section\" id=\"section_1252151363\">\n\t\t<div class=\"section-bg fill\" >\n\t\t\t\t\t\t\t\t\t\n\t\t\t\n\n\t\t<\/div>\n\n\t\t\n\t<div class=\"ux-shape-divider ux-shape-divider--bottom ux-shape-divider--style-tilt\">\n\t\t<svg viewbox=\"0 0 1000 100\" xmlns=\"http:\/\/www.w3.org\/2000\/svg\" preserveaspectratio=\"none\">\n\t<path class=\"ux-shape-fill\" d=\"M1000 100V0L-40 100H1000Z\"\/>\n<\/svg>\n\t<\/div>\n\n\t\t<div class=\"section-content relative\">\n\t\t\t\n\n<div class=\"row\" style=\"max-width:1200px\" id=\"row-971370866\">\n\n\n\t<div id=\"col-1457849366\" class=\"col small-12 large-12\"  data-animate=\"fadeInUp\">\n\t\t\t\t<div class=\"col-inner text-left box-shadow-5\" style=\"background-color:rgb(255, 255, 255);\" >\n\t\t\t\n\t\t\t\n\n\t<div id=\"text-3590072833\" class=\"text\">\n\t\t\n\n<h2>A strong commitment to training and apprenticeships<\/h2>\n\t\t\n<style>\n#text-3590072833 {\n  text-align: left;\n}\n<\/style>\n\t<\/div>\n\t\n<div class=\"is-divider divider clearfix\" style=\"margin-top:0px;margin-bottom:0px;max-width:1300px;height:1px;background-color:rgb(206, 14, 45);\"><\/div>\n\n\t<div id=\"gap-1227569821\" class=\"gap-element clearfix\" style=\"display:block; height:auto;\">\n\t\t\n<style>\n#gap-1227569821 {\n  padding-top: 30px;\n}\n<\/style>\n\t<\/div>\n\t\n\n<div class=\"row align-middle\"  id=\"row-314557967\">\n\n\n\t<div id=\"col-114813215\" class=\"col small-12 large-12\"  >\n\t\t\t\t<div class=\"col-inner\"  >\n\t\t\t\n\t\t\t\n\n<p style=\"text-align: justify;\" class=\"translation-block\">At <strong>PIBOMULTI S.A.<\/strong>, we believe in passing on knowledge and in the importance of training tomorrow's talent. That's why we invest in the learning and skills development of our employees.<\/p>\n<ul>\n<li class=\"translation-block\"><strong>In-house training and support :<\/strong> Our experts share their experience and support new recruits to help them acquire the technical skills specific to our business.<\/li>\n<li><strong>Company apprenticeships :<\/strong> We offer talented young people the opportunity to undertake an apprenticeship in a dynamic and demanding environment, with appropriate supervision.<\/li>\n<li class=\"translation-block\"><strong>Growth and development :<\/strong> Thanks to ongoing training and internal development opportunities, our employees develop their expertise and progress throughout their careers.<\/li>\n<\/ul>\n<p>Whether you're just starting out or a professional looking to develop your skills further, we'll give you the tools and guidance you need to excel in the field of precision engineering.<\/p>\n\t<div class=\"img has-hover x md-x lg-x y md-y lg-y\" id=\"image_666894046\">\n\t\t\t\t\t\t\t\t<div class=\"img-inner dark\" >\n\t\t\t<img loading=\"lazy\" decoding=\"async\" width=\"1720\" height=\"804\" src=\"https:\/\/pibomulti.com\/wp-content\/uploads\/PIBOMULTI_Formation01.webp\" class=\"attachment-original size-original not-transparent\" alt=\"PIBOMULTI Formation01\" srcset=\"https:\/\/pibomulti.com\/wp-content\/uploads\/PIBOMULTI_Formation01.webp 1720w, https:\/\/pibomulti.com\/wp-content\/uploads\/PIBOMULTI_Formation01-800x374.webp 800w, https:\/\/pibomulti.com\/wp-content\/uploads\/PIBOMULTI_Formation01-1400x654.webp 1400w, https:\/\/pibomulti.com\/wp-content\/uploads\/PIBOMULTI_Formation01-768x359.webp 768w, https:\/\/pibomulti.com\/wp-content\/uploads\/PIBOMULTI_Formation01-1536x718.webp 1536w, https:\/\/pibomulti.com\/wp-content\/uploads\/PIBOMULTI_Formation01-18x8.webp 18w\" sizes=\"auto, (max-width: 1720px) 100vw, 1720px\" data-has-transparency=\"false\" data-dominant-color=\"727275\" style=\"--dominant-color: #727275;\" \/>\t\t\t\t\t\t\n\t\t\t\t\t<\/div>\n\t\t\t\t\t\t\t\t\n<style>\n#image_666894046 {\n  width: 100%;\n}\n<\/style>\n\t<\/div>\n\t\n\n\t<div id=\"gap-651285654\" class=\"gap-element clearfix\" style=\"display:block; height:auto;\">\n\t\t\n<style>\n#gap-651285654 {\n  padding-top: 40px;\n}\n<\/style>\n\t<\/div>\n\t\n\n\t<div id=\"text-3411519649\" class=\"text\">\n\t\t\n\n<h2>An environment conducive to professional development<\/h2>\n\t\t\n<style>\n#text-3411519649 {\n  text-align: left;\n}\n<\/style>\n\t<\/div>\n\t\n<div class=\"is-divider divider clearfix\" style=\"margin-top:0px;margin-bottom:0px;max-width:1300px;height:1px;background-color:rgb(206, 14, 45);\"><\/div>\n\n\t<div id=\"gap-1494435811\" class=\"gap-element clearfix\" style=\"display:block; height:auto;\">\n\t\t\n<style>\n#gap-1494435811 {\n  padding-top: 30px;\n}\n<\/style>\n\t<\/div>\n\t\n\n<p style=\"text-align: justify;\" class=\"translation-block\">At <strong data-start=\"\u2018221\u2019\" data-end=\"\u2018239\u2019\">PIBOMULTI S.A.<\/strong>, we make a point of valuing our employees by offering them a stimulating and rewarding working environment.<\/p>\n<ul>\n<li class=\"translation-block\"><strong>Team spirit and knowledge sharing :<\/strong> We foster an environment where collaboration and the exchange of expertise are at the heart of our success.<\/li>\n<li class=\"translation-block\"><strong>Career opportunities :<\/strong> Thanks to our unique expertise and commitment to innovation, we offer our employees real prospects for growth and development.<\/li>\n<li class=\"translation-block\"><strong>Scale projects :<\/strong> Joining our company means having the opportunity to work on high-precision projects, alongside passionate specialists, in a demanding and constantly evolving sector.<\/li>\n<\/ul>\n<p style=\"text-align: justify;\" class=\"translation-block\">By joining <strong>PIBOMULTI S.A.<\/strong>, you are choosing a career path rich in challenges and learning, within a renowned Swiss company where your expertise will be recognised and valued.<\/p>\n\t<div class=\"img has-hover x md-x lg-x y md-y lg-y\" id=\"image_1521150984\">\n\t\t\t\t\t\t\t\t<div class=\"img-inner image-cover dark\" style=\"padding-top:450px;\">\n\t\t\t<img loading=\"lazy\" decoding=\"async\" width=\"1500\" height=\"1000\" src=\"https:\/\/pibomulti.com\/wp-content\/uploads\/emploi.webp\" class=\"attachment-original size-original not-transparent\" alt=\"job\" srcset=\"https:\/\/pibomulti.com\/wp-content\/uploads\/emploi.webp 1500w, https:\/\/pibomulti.com\/wp-content\/uploads\/emploi-600x400.webp 600w, https:\/\/pibomulti.com\/wp-content\/uploads\/emploi-1200x800.webp 1200w, https:\/\/pibomulti.com\/wp-content\/uploads\/emploi-768x512.webp 768w, https:\/\/pibomulti.com\/wp-content\/uploads\/emploi-18x12.webp 18w\" sizes=\"auto, (max-width: 1500px) 100vw, 1500px\" data-has-transparency=\"false\" data-dominant-color=\"988e85\" style=\"--dominant-color: #988e85;\" \/>\t\t\t\t\t\t\n\t\t\t\t\t<\/div>\n\t\t\t\t\t\t\t\t\n<style>\n#image_1521150984 {\n  width: 100%;\n}\n<\/style>\n\t<\/div>\n\t\n\n\n\t\t<\/div>\n\t\t\t\t\t<\/div>\n\n\t\n\n<\/div>\n\n\t\t<\/div>\n\t\t\t\t\n<style>\n#col-1457849366 > .col-inner {\n  padding: 20px 20px 20px 20px;\n  border-radius: 25px;\n}\n@media (min-width:550px) {\n  #col-1457849366 > .col-inner {\n    padding: 60px 60px 60px 60px;\n  }\n}\n<\/style>\n\t<\/div>\n\n\t\n\n<\/div>\n\n\t\t<\/div>\n\n\t\t\n<style>\n#section_1252151363 {\n  padding-top: 40px;\n  padding-bottom: 40px;\n}\n#section_1252151363 .ux-shape-divider--bottom svg {\n  height: 150px;\n  --divider-width: 100%;\n}\n#section_1252151363 .ux-shape-divider--bottom .ux-shape-fill {\n  fill: rgb(64, 70, 76);\n}\n<\/style>\n\t<\/section>\n\t\n\n\t<section class=\"section dark\" id=\"section_1517241852\">\n\t\t<div class=\"section-bg fill\" >\n\t\t\t\t\t\t\t\t\t\n\t\t\t\n\n\t\t<\/div>\n\n\t\t\n\n\t\t<div class=\"section-content relative\">\n\t\t\t\n\n<div class=\"row align-center\"  id=\"row-1808946659\">\n\n\n\t<div id=\"col-661749934\" class=\"col small-12 large-12\"  >\n\t\t\t\t<div class=\"col-inner\"  >\n\t\t\t\n\t\t\t\n\n\t<div id=\"text-1527149770\" class=\"text\">\n\t\t\n\n<h2>Our open positions<\/h2>\n\t\t\n<style>\n#text-1527149770 {\n  font-size: 1.6rem;\n  text-align: center;\n}\n<\/style>\n\t<\/div>\n\t\n\t<div id=\"gap-652557322\" class=\"gap-element clearfix\" style=\"display:block; height:auto;\">\n\t\t\n<style>\n#gap-652557322 {\n  padding-top: 30px;\n}\n<\/style>\n\t<\/div>\n\t\n\n<div class=\"text-center\"><div class=\"is-divider divider clearfix\" style=\"margin-top:15.2px;margin-bottom:15.2px;max-width:150px;height:8px;background-color:rgb(206, 14, 45);\"><\/div><\/div>\n\n\t<div id=\"gap-2051977117\" class=\"gap-element clearfix\" style=\"display:block; height:auto;\">\n\t\t\n<style>\n#gap-2051977117 {\n  padding-top: 30px;\n}\n<\/style>\n\t<\/div>\n\t\n\n<div id=\"pbm-accordion\"><h4>There are no job openings at this time.<\/h4><\/div>\n\n\t\t<\/div>\n\t\t\t\t\n<style>\n#col-661749934 > .col-inner {\n  margin: -20px 0px 0px 0px;\n}\n<\/style>\n\t<\/div>\n\n\t\n\n\t<div id=\"col-751180554\" class=\"col small-12 large-12\"  >\n\t\t\t\t<div class=\"col-inner text-center\"  >\n\t\t\t\n\t\t\t\n\n<div class=\"text-center\"><div class=\"is-divider divider clearfix\" style=\"margin-top:15.2px;margin-bottom:15.2px;max-width:150px;height:8px;background-color:rgb(206, 14, 45);\"><\/div><\/div>\n\n\t<div id=\"gap-2126478147\" class=\"gap-element clearfix\" style=\"display:block; height:auto;\">\n\t\t\n<style>\n#gap-2126478147 {\n  padding-top: 30px;\n}\n<\/style>\n\t<\/div>\n\t\n\n\t<div id=\"text-447931970\" class=\"text\">\n\t\t\n\n<h1>We bring your projects to life<\/h1>\n<h4>Are you interested in a job or would you like to share your experience with us? We'd love to hear from you!<\/h4>\n\t\t\n<style>\n#text-447931970 {\n  text-align: center;\n}\n<\/style>\n\t<\/div>\n\t\n\t<div id=\"gap-183102381\" class=\"gap-element clearfix\" style=\"display:block; height:auto;\">\n\t\t\n<style>\n#gap-183102381 {\n  padding-top: 30px;\n}\n<\/style>\n\t<\/div>\n\t\n\n<a href=\"\/en\/contact\/\" class=\"button primary box-shadow-3 box-shadow-5-hover\" style=\"border-radius:50px;padding:5px 30px 5px 30px;\">\n\t\t<span>Contact Us !<\/span>\n\t<\/a>\n\n\n\n\t\t<\/div>\n\t\t\t\t\t<\/div>\n\n\t\n\n<\/div>\n\n\t\t<\/div>\n\n\t\t\n<style>\n#section_1517241852 {\n  padding-top: 20px;\n  padding-bottom: 20px;\n  background-color: rgb(64, 70, 76);\n}\n@media (min-width:550px) {\n  #section_1517241852 {\n    padding-top: 40px;\n    padding-bottom: 40px;\n  }\n}\n<\/style>\n\t<\/section>\n\t\n\n\t<section class=\"section\" id=\"section_2098730371\">\n\t\t<div class=\"section-bg fill\" >\n\t\t\t\t\t\t\t\t\t\n\t\t\t\n\t<div class=\"is-border\"\n\t\tstyle=\"border-color:rgb(206, 14, 45);border-width:0px 0px 0px 0px;\">\n\t<\/div>\n\n\t\t<\/div>\n\n\t\t\t<div class=\"ux-shape-divider ux-shape-divider--top ux-shape-divider--style-tilt\">\n\t\t<svg viewbox=\"0 0 1000 100\" xmlns=\"http:\/\/www.w3.org\/2000\/svg\" preserveaspectratio=\"none\">\n\t<path class=\"ux-shape-fill\" d=\"M1000 100V0L-40 100H1000Z\"\/>\n<\/svg>\n\t<\/div>\n\n\n\t\t<div class=\"section-content relative\">\n\t\t\t\n\n<div class=\"row align-middle align-center\" style=\"max-width:1200px\" id=\"row-13595799\">\n\n\n\t<div id=\"col-808991887\" class=\"col small-12 large-12\"  data-animate=\"bounceIn\">\n\t\t\t\t<div class=\"col-inner box-shadow-5\" style=\"background-color:rgb(242, 242, 242);\" >\n\t\t\t\n\t<div class=\"is-border\"\n\t\tstyle=\"border-color:rgb(206, 14, 45);border-radius:25px;border-width:4px 4px 4px 4px;\">\n\t<\/div>\n\t\t\t\n\n<div class=\"row align-middle align-center\" style=\"max-width:1200px\" id=\"row-1854784732\">\n\n\n\t<div id=\"col-1582867317\" class=\"col small-12 large-12\"  >\n\t\t\t\t<div class=\"col-inner\"  >\n\t\t\t\n\t\t\t\n\n<h3 style=\"text-align: center;\"><strong><span style=\"font-size: 140%;\">Want to find out more about PIBOMULTI?<\/span><\/strong><\/h3>\n<h4 style=\"text-align: center;\"><span style=\"font-size: 140%;\">Don't hesitate to<\/span><\/h4>\n<div class=\"row align-middle align-center\"  id=\"row-683748254\">\n\n\n\t<div id=\"col-1905268301\" class=\"col medium-5 small-12 large-5\"  >\n\t\t\t\t<div class=\"col-inner text-center\"  >\n\t\t\t\n\t\t\t\n\n<a data-animate=\"bounceIn\" href=\"\/en\/company\/\" class=\"button primary box-shadow-3 box-shadow-5-hover expand\" style=\"border-radius:50px;padding:5px 30px 5px 30px;\">\n\t\t<span>consult the company page<\/span>\n\t<\/a>\n\n\n\n\t\t<\/div>\n\t\t\t\t\n<style>\n#col-1905268301 > .col-inner {\n  margin: 40px 0px 0px 0px;\n}\n<\/style>\n\t<\/div>\n\n\t\n\n\t<div id=\"col-1442776069\" class=\"col cta-or medium-2 small-12 large-2\"  >\n\t\t\t\t<div class=\"col-inner text-center\"  >\n\t\t\t\n\t\t\t\n\n\t<div id=\"text-3753714557\" class=\"text\">\n\t\t\n\n<p style=\"text-align: center;\">OR<\/p>\n\t\t\n<style>\n#text-3753714557 {\n  font-size: 2rem;\n  text-align: center;\n}\n<\/style>\n\t<\/div>\n\t\n\n\t\t<\/div>\n\t\t\t\t\n<style>\n#col-1442776069 > .col-inner {\n  margin: 40px 0px 0px 0px;\n}\n<\/style>\n\t<\/div>\n\n\t\n\n\t<div id=\"col-1546660955\" class=\"col medium-5 small-12 large-5\"  >\n\t\t\t\t<div class=\"col-inner text-center\"  >\n\t\t\t\n\t\t\t\n\n<a data-animate=\"bounceIn\" href=\"\/en\/contact\/\" class=\"button primary box-shadow-3 box-shadow-5-hover expand\" style=\"border-radius:50px;padding:5px 30px 5px 30px;\">\n\t\t<span>Contact us<\/span>\n\t<\/a>\n\n\n\n\t\t<\/div>\n\t\t\t\t\n<style>\n#col-1546660955 > .col-inner {\n  padding: 5px 0px 5px 0px;\n  margin: 40px 0px 0px 0px;\n}\n<\/style>\n\t<\/div>\n\n\t\n\n<\/div>\n\n\t\t<\/div>\n\t\t\t\t\n<style>\n#col-1582867317 > .col-inner {\n  margin: 30px 0px 0px 0px;\n}\n<\/style>\n\t<\/div>\n\n\t\n\n<\/div>\n\n\t\t<\/div>\n\t\t\t\t\n<style>\n#col-808991887 > .col-inner {\n  padding: 40px 20px 10px 20px;\n  border-radius: 25px;\n}\n@media (min-width:550px) {\n  #col-808991887 > .col-inner {\n    padding: 60px 60px 30px 60px;\n  }\n}\n<\/style>\n\t<\/div>\n\n\t\n\n<\/div>\n\n\t\t<\/div>\n\n\t\t\n<style>\n#section_2098730371 {\n  padding-top: 0px;\n  padding-bottom: 0px;\n}\n#section_2098730371 .ux-shape-divider--top svg {\n  height: 100px;\n  --divider-top-width: 100%;\n}\n#section_2098730371 .ux-shape-divider--top .ux-shape-fill {\n  fill: rgb(64, 70, 76);\n}\n@media (min-width:550px) {\n  #section_2098730371 {\n    padding-top: 30px;\n    padding-bottom: 30px;\n  }\n}\n<\/style>\n\t<\/section>","protected":false},"excerpt":{"rendered":"","protected":false},"author":1,"featured_media":0,"parent":0,"menu_order":0,"comment_status":"closed","ping_status":"closed","template":"page-transparent-header-light.php","meta":{"footnotes":""},"folder":[],"class_list":["post-1052","page","type-page","status-publish","hentry"],"yoast_head":"<!-- This site is optimized with the Yoast SEO plugin v26.9 - https:\/\/yoast.com\/product\/yoast-seo-wordpress\/ -->\n<title>Emplois - PIBOMULTI S.A.<\/title>\n<meta name=\"description\" content=\"Envie d&#039;int\u00e9grer une entreprise Suisse de renom, sp\u00e9cialis\u00e9e depuis 1979 dans la m\u00e9canique de pr\u00e9cision ? D\u00e9couvrez nos offres d&#039;emplois !\" \/>\n<meta name=\"robots\" content=\"index, follow, max-snippet:-1, max-image-preview:large, max-video-preview:-1\" \/>\n<link rel=\"canonical\" href=\"https:\/\/ay66f5bvlop.preview.infomaniak.website\/emplois\/\" \/>\n<meta property=\"og:locale\" content=\"en_GB\" \/>\n<meta property=\"og:type\" content=\"article\" \/>\n<meta property=\"og:title\" content=\"Emplois - PIBOMULTI S.A.\" \/>\n<meta property=\"og:description\" content=\"Envie d&#039;int\u00e9grer une entreprise Suisse de renom, sp\u00e9cialis\u00e9e depuis 1979 dans la m\u00e9canique de pr\u00e9cision ? D\u00e9couvrez nos offres d&#039;emplois !\" \/>\n<meta property=\"og:url\" content=\"https:\/\/ay66f5bvlop.preview.infomaniak.website\/emplois\/\" \/>\n<meta property=\"og:site_name\" content=\"PIBOMULTI S.A.\" \/>\n<meta property=\"article:modified_time\" content=\"2025-07-07T13:45:05+00:00\" \/>\n<meta name=\"twitter:card\" content=\"summary_large_image\" \/>\n<meta name=\"twitter:label1\" content=\"Estimated reading time\" \/>\n\t<meta name=\"twitter:data1\" content=\"4 minutes\" \/>\n<script type=\"application\/ld+json\" class=\"yoast-schema-graph\">{\"@context\":\"https:\/\/schema.org\",\"@graph\":[{\"@type\":\"WebPage\",\"@id\":\"https:\/\/ay66f5bvlop.preview.infomaniak.website\/emplois\/\",\"url\":\"https:\/\/ay66f5bvlop.preview.infomaniak.website\/emplois\/\",\"name\":\"Emplois - PIBOMULTI S.A.\",\"isPartOf\":{\"@id\":\"https:\/\/ay66f5bvlop.preview.infomaniak.website\/#website\"},\"datePublished\":\"2024-11-20T15:05:10+00:00\",\"dateModified\":\"2025-07-07T13:45:05+00:00\",\"description\":\"Envie d'int\u00e9grer une entreprise Suisse de renom, sp\u00e9cialis\u00e9e depuis 1979 dans la m\u00e9canique de pr\u00e9cision ? D\u00e9couvrez nos offres d'emplois !\",\"breadcrumb\":{\"@id\":\"https:\/\/ay66f5bvlop.preview.infomaniak.website\/emplois\/#breadcrumb\"},\"inLanguage\":\"en-GB\",\"potentialAction\":[{\"@type\":\"ReadAction\",\"target\":[\"https:\/\/ay66f5bvlop.preview.infomaniak.website\/emplois\/\"]}]},{\"@type\":\"BreadcrumbList\",\"@id\":\"https:\/\/ay66f5bvlop.preview.infomaniak.website\/emplois\/#breadcrumb\",\"itemListElement\":[{\"@type\":\"ListItem\",\"position\":1,\"name\":\"Home\",\"item\":\"https:\/\/pibomulti.com\/\"},{\"@type\":\"ListItem\",\"position\":2,\"name\":\"Emplois\"}]},{\"@type\":\"WebSite\",\"@id\":\"https:\/\/ay66f5bvlop.preview.infomaniak.website\/#website\",\"url\":\"https:\/\/ay66f5bvlop.preview.infomaniak.website\/\",\"name\":\"PIBOMULTI S.A.\",\"description\":\"M\u00e9canique de pr\u00e9cision\",\"publisher\":{\"@id\":\"https:\/\/ay66f5bvlop.preview.infomaniak.website\/#organization\"},\"potentialAction\":[{\"@type\":\"SearchAction\",\"target\":{\"@type\":\"EntryPoint\",\"urlTemplate\":\"https:\/\/ay66f5bvlop.preview.infomaniak.website\/?s={search_term_string}\"},\"query-input\":{\"@type\":\"PropertyValueSpecification\",\"valueRequired\":true,\"valueName\":\"search_term_string\"}}],\"inLanguage\":\"en-GB\"},{\"@type\":\"Organization\",\"@id\":\"https:\/\/ay66f5bvlop.preview.infomaniak.website\/#organization\",\"name\":\"PIBOMULTI S.A.\",\"url\":\"https:\/\/ay66f5bvlop.preview.infomaniak.website\/\",\"logo\":{\"@type\":\"ImageObject\",\"inLanguage\":\"en-GB\",\"@id\":\"https:\/\/ay66f5bvlop.preview.infomaniak.website\/#\/schema\/logo\/image\/\",\"url\":\"https:\/\/pibomulti.com\/wp-content\/uploads\/PIBOMULTI_NEW2_72ppp_2.png\",\"contentUrl\":\"https:\/\/pibomulti.com\/wp-content\/uploads\/PIBOMULTI_NEW2_72ppp_2.png\",\"width\":5801,\"height\":1646,\"caption\":\"PIBOMULTI S.A.\"},\"image\":{\"@id\":\"https:\/\/ay66f5bvlop.preview.infomaniak.website\/#\/schema\/logo\/image\/\"},\"sameAs\":[\"https:\/\/www.linkedin.com\/company\/pibomulti-s-a\"]}]}<\/script>\n<!-- \/ Yoast SEO plugin. -->","yoast_head_json":{"title":"Jobs - PIBOMULTI S.A.","description":"Would you like to join a renowned Swiss company that has specialised in precision mechanics since 1979? Take a look at our job offers!","robots":{"index":"index","follow":"follow","max-snippet":"max-snippet:-1","max-image-preview":"max-image-preview:large","max-video-preview":"max-video-preview:-1"},"canonical":"https:\/\/ay66f5bvlop.preview.infomaniak.website\/emplois\/","og_locale":"en_GB","og_type":"article","og_title":"Emplois - PIBOMULTI S.A.","og_description":"Envie d'int\u00e9grer une entreprise Suisse de renom, sp\u00e9cialis\u00e9e depuis 1979 dans la m\u00e9canique de pr\u00e9cision ? D\u00e9couvrez nos offres d'emplois !","og_url":"https:\/\/ay66f5bvlop.preview.infomaniak.website\/emplois\/","og_site_name":"PIBOMULTI S.A.","article_modified_time":"2025-07-07T13:45:05+00:00","twitter_card":"summary_large_image","twitter_misc":{"Estimated reading time":"4 minutes"},"schema":{"@context":"https:\/\/schema.org","@graph":[{"@type":"WebPage","@id":"https:\/\/ay66f5bvlop.preview.infomaniak.website\/emplois\/","url":"https:\/\/ay66f5bvlop.preview.infomaniak.website\/emplois\/","name":"Jobs - PIBOMULTI S.A.","isPartOf":{"@id":"https:\/\/ay66f5bvlop.preview.infomaniak.website\/#website"},"datePublished":"2024-11-20T15:05:10+00:00","dateModified":"2025-07-07T13:45:05+00:00","description":"Would you like to join a renowned Swiss company that has specialised in precision mechanics since 1979? Take a look at our job offers!","breadcrumb":{"@id":"https:\/\/ay66f5bvlop.preview.infomaniak.website\/emplois\/#breadcrumb"},"inLanguage":"en-GB","potentialAction":[{"@type":"ReadAction","target":["https:\/\/ay66f5bvlop.preview.infomaniak.website\/emplois\/"]}]},{"@type":"BreadcrumbList","@id":"https:\/\/ay66f5bvlop.preview.infomaniak.website\/emplois\/#breadcrumb","itemListElement":[{"@type":"ListItem","position":1,"name":"Home","item":"https:\/\/pibomulti.com\/"},{"@type":"ListItem","position":2,"name":"Emplois"}]},{"@type":"WebSite","@id":"https:\/\/ay66f5bvlop.preview.infomaniak.website\/#website","url":"https:\/\/ay66f5bvlop.preview.infomaniak.website\/","name":"PIBOMULTI S.A.","description":"Precision mechanics","publisher":{"@id":"https:\/\/ay66f5bvlop.preview.infomaniak.website\/#organization"},"potentialAction":[{"@type":"SearchAction","target":{"@type":"EntryPoint","urlTemplate":"https:\/\/ay66f5bvlop.preview.infomaniak.website\/?s={search_term_string}"},"query-input":{"@type":"PropertyValueSpecification","valueRequired":true,"valueName":"search_term_string"}}],"inLanguage":"en-GB"},{"@type":"Organization","@id":"https:\/\/ay66f5bvlop.preview.infomaniak.website\/#organization","name":"PIBOMULTI S.A.","url":"https:\/\/ay66f5bvlop.preview.infomaniak.website\/","logo":{"@type":"ImageObject","inLanguage":"en-GB","@id":"https:\/\/ay66f5bvlop.preview.infomaniak.website\/#\/schema\/logo\/image\/","url":"https:\/\/pibomulti.com\/wp-content\/uploads\/PIBOMULTI_NEW2_72ppp_2.png","contentUrl":"https:\/\/pibomulti.com\/wp-content\/uploads\/PIBOMULTI_NEW2_72ppp_2.png","width":5801,"height":1646,"caption":"PIBOMULTI S.A."},"image":{"@id":"https:\/\/ay66f5bvlop.preview.infomaniak.website\/#\/schema\/logo\/image\/"},"sameAs":["https:\/\/www.linkedin.com\/company\/pibomulti-s-a"]}]}},"_links":{"self":[{"href":"https:\/\/pibomulti.com\/en\/wp-json\/wp\/v2\/pages\/1052","targetHints":{"allow":["GET"]}}],"collection":[{"href":"https:\/\/pibomulti.com\/en\/wp-json\/wp\/v2\/pages"}],"about":[{"href":"https:\/\/pibomulti.com\/en\/wp-json\/wp\/v2\/types\/page"}],"author":[{"embeddable":true,"href":"https:\/\/pibomulti.com\/en\/wp-json\/wp\/v2\/users\/1"}],"replies":[{"embeddable":true,"href":"https:\/\/pibomulti.com\/en\/wp-json\/wp\/v2\/comments?post=1052"}],"version-history":[{"count":67,"href":"https:\/\/pibomulti.com\/en\/wp-json\/wp\/v2\/pages\/1052\/revisions"}],"predecessor-version":[{"id":3177,"href":"https:\/\/pibomulti.com\/en\/wp-json\/wp\/v2\/pages\/1052\/revisions\/3177"}],"wp:attachment":[{"href":"https:\/\/pibomulti.com\/en\/wp-json\/wp\/v2\/media?parent=1052"}],"wp:term":[{"taxonomy":"folder","embeddable":true,"href":"https:\/\/pibomulti.com\/en\/wp-json\/wp\/v2\/folder?post=1052"}],"curies":[{"name":"wp","href":"https:\/\/api.w.org\/{rel}","templated":true}]}}