{"id":3,"date":"2024-10-04T19:32:48","date_gmt":"2024-10-04T17:32:48","guid":{"rendered":"https:\/\/new.pibomulti.com\/?page_id=3"},"modified":"2025-03-24T10:47:26","modified_gmt":"2025-03-24T09:47:26","slug":"privacy-policy-2","status":"publish","type":"page","link":"https:\/\/pibomulti.com\/en\/privacy-policy-2\/","title":{"rendered":"Privacy policy"},"content":{"rendered":"<a href=\"\/wp-content\/uploads\/Privacy-policy-EN-27.11.2024.pdf\" target=\"_blank\" class=\"button primary\" rel=\"noopener\" >\n\t\t<span>Download<\/span>\n\t<\/a>\n\n\n\n\n\n<p>This privacy policy is effective since November 27, 2024 and was last updated on November 27, 2024.<\/p>\n\n\n\n<h2 class=\"wp-block-heading\">1. Data protection information<\/h2>\n\n\n\n<p class=\"translation-block\">Your trust in us is important to us. For this reason, we would like to inform you about how we collect and process your data.<br>\nBy using our digital presence, you consent to the collection and use of data in accordance with this information.<br>\nPibomulti SA is responsible for the collection and processing of data and take into account the provisions of the Data Protection\nAct.<\/p>\n\n\n\n<h2 class=\"wp-block-heading\">2. General<\/h2>\n\n\n\n<p>Are subject to the present information on data protection:<\/p>\n\n\n\n<ul class=\"wp-block-list\">\n<li>Our website <a href=\"https:\/\/pibomulti.com\/en\/\">www.pibomulti.com<\/a> in its various languages<\/li>\n\n\n\n<li>Our website <a href=\"http:\/\/www.pibomulti.swiss\">www.pibomulti.swiss<\/a> in its various languages<\/li>\n\n\n\n<li>Our website <a href=\"http:\/\/www.pibomulti.fr\">www.pibomulti.fr<\/a> in its various languages<\/li>\n\n\n\n<li class=\"translation-block\">Our LinkedIn page <a href=\"https:\/\/www.linkedin.com\/company\/pibomulti-s-a\/?viewAsMember=true\" target=\"_self\">PIBOMULTI S.A.\u00a0: Pr\u00e9sentation | LinkedIn<\/a><\/li>\n\n\n\n<li>Our YouTube page <a href=\"https:\/\/www.youtube.com\/channel\/UC0waAKVPnSb-zg2yVK_8aUQ\">Pibomulti - CH - 2400 Le Locle - YouTube<\/a><\/li>\n<\/ul>\n\n\n\n<h2 class=\"wp-block-heading\">3. Information we collect<\/h2>\n\n\n\n<p>The information we collect includes both information that you knowingly and actively provide to us when you participate in one\nof our services or promotions, as well as any information automatically sent by your devices when you access our products or\nservices.<\/p>\n\n\n\n<h2 class=\"wp-block-heading\">4. Data register<\/h2>\n\n\n\n<p class=\"translation-block\">When you visit our website, our servers may automatically retrieve standard information provided by your web browser. This\nmay include your IP address, browser type and version, the pages you visit, the time and date of your visit, the time spent on\neach page, and other details of your browsing experience, as well as technical details relating to any errors you may have\nencountered while visiting the website.<br>\nPlease note that this data, although it may not allow us to identify you, may be combined with other data that allows us to\nidentify people individually.<\/p>\n\n\n\n<h2 class=\"wp-block-heading\">5. Personal information<\/h2>\n\n\n\n<p>We may request personal information which may include one or more of the following:<\/p>\n\n\n\n<h4 class=\"wp-block-heading\">Legitimate reasons for using your personal data<\/h4>\n\n\n\n<p>We collect and use your personal data only when we have a legitimate reason to do so. In all cases we only collect personal\ndata that is reasonably necessary to provide you with the best service.<\/p>\n\n\n\n<h4 class=\"wp-block-heading\">Collection and Use of Information<\/h4>\n\n\n\n<p>We may collect your personal information when you carry out one of the following operations on our website:<\/p>\n\n\n\n<ul class=\"wp-block-list\">\n<li>Register to receive updates via email or social networks<\/li>\n\n\n\n<li>Use a mobile device or web browser to access our content<\/li>\n\n\n\n<li>Contact us by email, social networking, or similar technology<\/li>\n\n\n\n<li>When you mention us on a social network<\/li>\n<\/ul>\n\n\n\n<p>We may collect, hold, use, and disclose information for the following purposes, and personal data will not be used for any other\npurposes incompatible with those mentioned:<\/p>\n\n\n\n<ul class=\"wp-block-list\">\n<li>Allow you to improve or personalise your experience on our website<\/li>\n\n\n\n<li>To contact or communicate with you<\/li>\n\n\n\n<li>To carry out analyses, market research and business development, including the management and improvement of our website, associated applications and associated social networks<\/li>\n\n\n\n<li>For advertising or marketing purposes, including sending you promotional information about our products and services and about third parties we think may be of interest to you.<\/li>\n\n\n\n<li>To comply with our legal obligations and resolve any disputes we may have with you<\/li>\n\n\n\n<li>Please note that we may be able to combine information collected about you with general information or research data that we may receive from other reliable sources.<\/li>\n<\/ul>\n\n\n\n<h4 class=\"wp-block-heading\">Security of your personal data<\/h4>\n\n\n\n<p class=\"translation-block\">When we collect and use your personal data, and while we store it, we will protect it by all commercially acceptable means\nagainst loss or theft, unauthorized access, copying, use, or modification.<br>\nWhile we will do our best to protect the personal data you transmit to us, please be advised that no method of electronic storage\nis 100% reliable, and no one can guarantee the absolute security of your data. We will comply with all applicable laws in the\nevent of data loss.<br>\nYou are responsible for choosing any passwords and their level of security, thus protecting your own information within the\nlimits of our services.<\/p>\n\n\n\n<h4 class=\"wp-block-heading\">How long do we keep your personal data<\/h4>\n\n\n\n<p class=\"translation-block\">We keep your personal data for as long as we need it. The length of time may depend on the purpose for which your data is\nused, in accordance with this privacy policy. If your personal data is no longer required, we will delete it or make it anonymous by removing any details that identify you.<br>\nNevertheless, if necessary, we may retain your personal data to comply with legal, accounting or reporting requirements, or\nfor archiving in the public or scientific interest, or for historical or statistical research.<\/p>\n\n\n\n<h4 class=\"wp-block-heading\">Security of your personal data<\/h4>\n\n\n\n<p class=\"translation-block\">We only keep your personal information for as long as necessary. This period may depend on how we use your information, in\naccordance with this privacy policy. If your personal information is no longer required, we will delete it or make it anonymous\nby removing any details that identify you.<br>\nHowever, if necessary, we may retain your personal information to comply with a legal, accounting or reporting obligation, or\nfor archiving purposes in the public interest, for scientific or historical research purposes or for statistical purposes.<\/p>\n\n\n\n<h4 class=\"wp-block-heading\">Children's privacy<\/h4>\n\n\n\n<p>We do not aim to provide our products or services to children under the age of 13, and we do not voluntarily collect personal data from children under the age of 13.<\/p>\n\n\n\n<h4 class=\"wp-block-heading\">Disclosure of information to a third party<\/h4>\n\n\n\n<p>We may disclose personal data for:<\/p>\n\n\n\n<ul class=\"wp-block-list\">\n<li>A parent, subsidiary or associate of our company<\/li>\n\n\n\n<li>Third party service providers in order to enable them to offer their services, for example, IT services, data storage, server providers, advertisers, or statistical analysis platforms.<\/li>\n\n\n\n<li>our employees, partners and\/or associated subsidiaries<\/li>\n\n\n\n<li>Our existing or prospective agents or business partners<\/li>\n\n\n\n<li>Sponsors or promoters of any challenge, contest or advertisement we run<\/li>\n\n\n\n<li>Courts, tribunals, regulatory authorities and police officers, as required by law, in connection with any present or future legal proceedings, or for the purpose of establishing or defending our rights.<\/li>\n\n\n\n<li>Third parties, including agents or sub-contractors, who assist us in providing information, products, services or direct marketing, to collect and use the data.<\/li>\n<\/ul>\n\n\n\n<h4 class=\"wp-block-heading\">International transfers of personal data<\/h4>\n\n\n\n<p>The personal data we collect is stored and\/or used where we or our partners, subsidiaries or third parties have their establishments. Please note that the places where your personal data is stored, used or transferred may not have the same data protection rules as the country where you provided the data to us. If we transfer your data to third parties in other countries:<\/p>\n\n\n\n<ul class=\"wp-block-list\">\n<li>We will carry out such transfers in accordance with applicable regulations<\/li>\n\n\n\n<li>we will protect the\npersonal data transferred in accordance with this Privacy Policy<\/li>\n<\/ul>\n\n\n\n<h4 class=\"wp-block-heading\">Your rights and control over your personal data<\/h4>\n\n\n\n<p class=\"translation-block\">You always have the right to withhold your personal information from us, with the understanding that your experience on our\nwebsite may be affected. We will not discriminate if you wish to exercise your rights to your personal data. If you authorize us\nto access your personal data, you understand that we will collect, hold, use and disclose it in accordance with this privacy policy.\nYou retain the right to request details of the information we hold about you.<br>\nIf we receive your personal data from a third party, we will protect it as set out in this Privacy Policy. If you are a third party\ntransmitting personal data about someone else, you represent and warrant that you have the authority to transmit such personal\ndata to us.<br>\nIf you have previously agreed to us processing your data for marketing purposes, you may change your mind at any time. We\nwill provide you with the opportunity to unsubscribe from our email databases or communications. Please note that we may\nask you for specific information in order to validate your identity.<br>\nIf you believe that any information we are holding on you is inaccurate, out of date, incomplete, irrelevant, or untrue, please\ncontact us using the details provided in this privacy policy. We will take reasonable steps to correct any information that you\nfind to be inaccurate, incomplete, untrue or out of date.<br>\nIf you believe that we have breached a data protection law and wish to complain, please contact us using the details below and\nprovide us with full details of the relevant breach. We will promptly investigate your complaint and respond to you, in writing,\nwith the results of our investigation and the next steps for resolving your complaint. You also have the right to contact a regulatory body or data protection authority in relation to your complaint.<\/p>\n\n\n\n<h2 class=\"wp-block-heading\">6. Use of Cookies<\/h2>\n\n\n\n<p>We use \"cookies\" to collect information about you and your activities on our website. A cookie is a small data file that our\nwebsite stores on your computer, which accesses it each time you visit us, so that we can understand how you use our website.\nThis helps us to provide you with appropriate content based on your preferences.<\/p>\n\n\n\n<h2 class=\"wp-block-heading\">7. Limitations of our Privacy Policy<\/h2>\n\n\n\n<p>Our website may link to external sites that are not operated by us. Please note that we have no control over the content and policies of these sites, and we may be held responsible for their privacy practices.<\/p>\n\n\n\n<h2 class=\"wp-block-heading\">8. Changes to this Privacy Policy<\/h2>\n\n\n\n<p class=\"translation-block\">At our discretion, we may change our privacy policy to reflect updates to our business, current acceptable practices, or\nregulatory or legal changes. If we decide to change this Privacy Policy, we will post the changes here on the same link that\nallows you to access this Privacy Policy.<br>\nIf required by law, we will ask for your permission or give you the opportunity to opt-in or opt-out of any new use of your\npersonal data.<\/p>\n\n\n\n<h2 class=\"wp-block-heading\">9. Contact us<\/h2>\n\n\n\n<p>If you have any questions or concerns about your privacy, you can contact us using the details below:<\/p>\n\n\n\n<p>PIBOMULTI S.A.<br>Jambe Ducommun 18<br>2400 Le Locle \/ Switzerland<br>T: +41 (0) 32 933 06 33<br>F: +41 (0) 32 933 06 30<br>Email : <a href=\"mailto:info@pibomulti.com\">info@pibomulti.com<\/a><br><a href=\"http:\/\/www.pibomulti.swiss\">www.pibomulti.swiss<\/a><\/p>","protected":false},"excerpt":{"rendered":"<p>Cette politique de confidentialit\u00e9 est effective depuis le 27 novembre 2024 et a \u00e9t\u00e9 mise \u00e0 jour pour la derni\u00e8re fois le 27 Novembre 2024. 1. Informations sur la protection des donn\u00e9es Nous accordons une grande importance \u00e0 la confiance que vous avez en nous. C\u2019est pourquoi, nous aimerions vous informer de la mani\u00e8re dont [&#8230;]\n","protected":false},"author":1,"featured_media":0,"parent":0,"menu_order":0,"comment_status":"closed","ping_status":"open","template":"","meta":{"footnotes":""},"folder":[],"class_list":["post-3","page","type-page","status-publish","hentry"],"yoast_head":"<!-- This site is optimized with the Yoast SEO plugin v26.9 - https:\/\/yoast.com\/product\/yoast-seo-wordpress\/ -->\n<title>Politique de confidentialit\u00e9 - PIBOMULTI S.A.<\/title>\n<meta name=\"robots\" content=\"index, follow, max-snippet:-1, max-image-preview:large, max-video-preview:-1\" \/>\n<link rel=\"canonical\" href=\"https:\/\/ay66f5bvlop.preview.infomaniak.website\/politique-de-confidentialite\/\" \/>\n<meta property=\"og:locale\" content=\"en_GB\" \/>\n<meta property=\"og:type\" content=\"article\" \/>\n<meta property=\"og:title\" content=\"Politique de confidentialit\u00e9 - PIBOMULTI S.A.\" \/>\n<meta property=\"og:description\" content=\"Cette politique de confidentialit\u00e9 est effective depuis le 27 novembre 2024 et a \u00e9t\u00e9 mise \u00e0 jour pour la derni\u00e8re fois le 27 Novembre 2024. 1. Informations sur la protection des donn\u00e9es Nous accordons une grande importance \u00e0 la confiance que vous avez en nous. C\u2019est pourquoi, nous aimerions vous informer de la mani\u00e8re dont [...]\" \/>\n<meta property=\"og:url\" content=\"https:\/\/ay66f5bvlop.preview.infomaniak.website\/politique-de-confidentialite\/\" \/>\n<meta property=\"og:site_name\" content=\"PIBOMULTI S.A.\" \/>\n<meta property=\"article:modified_time\" content=\"2025-03-24T09:47:26+00:00\" \/>\n<meta name=\"twitter:card\" content=\"summary_large_image\" \/>\n<meta name=\"twitter:label1\" content=\"Estimated reading time\" \/>\n\t<meta name=\"twitter:data1\" content=\"10 minutes\" \/>\n<script type=\"application\/ld+json\" class=\"yoast-schema-graph\">{\"@context\":\"https:\/\/schema.org\",\"@graph\":[{\"@type\":\"WebPage\",\"@id\":\"https:\/\/ay66f5bvlop.preview.infomaniak.website\/politique-de-confidentialite\/\",\"url\":\"https:\/\/ay66f5bvlop.preview.infomaniak.website\/politique-de-confidentialite\/\",\"name\":\"Politique de confidentialit\u00e9 - PIBOMULTI S.A.\",\"isPartOf\":{\"@id\":\"https:\/\/ay66f5bvlop.preview.infomaniak.website\/#website\"},\"datePublished\":\"2024-10-04T17:32:48+00:00\",\"dateModified\":\"2025-03-24T09:47:26+00:00\",\"breadcrumb\":{\"@id\":\"https:\/\/ay66f5bvlop.preview.infomaniak.website\/politique-de-confidentialite\/#breadcrumb\"},\"inLanguage\":\"en-GB\",\"potentialAction\":[{\"@type\":\"ReadAction\",\"target\":[\"https:\/\/ay66f5bvlop.preview.infomaniak.website\/politique-de-confidentialite\/\"]}]},{\"@type\":\"BreadcrumbList\",\"@id\":\"https:\/\/ay66f5bvlop.preview.infomaniak.website\/politique-de-confidentialite\/#breadcrumb\",\"itemListElement\":[{\"@type\":\"ListItem\",\"position\":1,\"name\":\"Home\",\"item\":\"https:\/\/pibomulti.com\/\"},{\"@type\":\"ListItem\",\"position\":2,\"name\":\"Politique de confidentialit\u00e9\"}]},{\"@type\":\"WebSite\",\"@id\":\"https:\/\/ay66f5bvlop.preview.infomaniak.website\/#website\",\"url\":\"https:\/\/ay66f5bvlop.preview.infomaniak.website\/\",\"name\":\"PIBOMULTI S.A.\",\"description\":\"M\u00e9canique de pr\u00e9cision\",\"publisher\":{\"@id\":\"https:\/\/ay66f5bvlop.preview.infomaniak.website\/#organization\"},\"potentialAction\":[{\"@type\":\"SearchAction\",\"target\":{\"@type\":\"EntryPoint\",\"urlTemplate\":\"https:\/\/ay66f5bvlop.preview.infomaniak.website\/?s={search_term_string}\"},\"query-input\":{\"@type\":\"PropertyValueSpecification\",\"valueRequired\":true,\"valueName\":\"search_term_string\"}}],\"inLanguage\":\"en-GB\"},{\"@type\":\"Organization\",\"@id\":\"https:\/\/ay66f5bvlop.preview.infomaniak.website\/#organization\",\"name\":\"PIBOMULTI S.A.\",\"url\":\"https:\/\/ay66f5bvlop.preview.infomaniak.website\/\",\"logo\":{\"@type\":\"ImageObject\",\"inLanguage\":\"en-GB\",\"@id\":\"https:\/\/ay66f5bvlop.preview.infomaniak.website\/#\/schema\/logo\/image\/\",\"url\":\"https:\/\/pibomulti.com\/wp-content\/uploads\/PIBOMULTI_NEW2_72ppp_2.png\",\"contentUrl\":\"https:\/\/pibomulti.com\/wp-content\/uploads\/PIBOMULTI_NEW2_72ppp_2.png\",\"width\":5801,\"height\":1646,\"caption\":\"PIBOMULTI S.A.\"},\"image\":{\"@id\":\"https:\/\/ay66f5bvlop.preview.infomaniak.website\/#\/schema\/logo\/image\/\"},\"sameAs\":[\"https:\/\/www.linkedin.com\/company\/pibomulti-s-a\"]}]}<\/script>\n<!-- \/ Yoast SEO plugin. -->","yoast_head_json":{"title":"Privacy policy - PIBOMULTI S.A.","robots":{"index":"index","follow":"follow","max-snippet":"max-snippet:-1","max-image-preview":"max-image-preview:large","max-video-preview":"max-video-preview:-1"},"canonical":"https:\/\/ay66f5bvlop.preview.infomaniak.website\/politique-de-confidentialite\/","og_locale":"en_GB","og_type":"article","og_title":"Politique de confidentialit\u00e9 - PIBOMULTI S.A.","og_description":"Cette politique de confidentialit\u00e9 est effective depuis le 27 novembre 2024 et a \u00e9t\u00e9 mise \u00e0 jour pour la derni\u00e8re fois le 27 Novembre 2024. 1. Informations sur la protection des donn\u00e9es Nous accordons une grande importance \u00e0 la confiance que vous avez en nous. C\u2019est pourquoi, nous aimerions vous informer de la mani\u00e8re dont [...]","og_url":"https:\/\/ay66f5bvlop.preview.infomaniak.website\/politique-de-confidentialite\/","og_site_name":"PIBOMULTI S.A.","article_modified_time":"2025-03-24T09:47:26+00:00","twitter_card":"summary_large_image","twitter_misc":{"Estimated reading time":"10 minutes"},"schema":{"@context":"https:\/\/schema.org","@graph":[{"@type":"WebPage","@id":"https:\/\/ay66f5bvlop.preview.infomaniak.website\/politique-de-confidentialite\/","url":"https:\/\/ay66f5bvlop.preview.infomaniak.website\/politique-de-confidentialite\/","name":"Privacy policy - PIBOMULTI S.A.","isPartOf":{"@id":"https:\/\/ay66f5bvlop.preview.infomaniak.website\/#website"},"datePublished":"2024-10-04T17:32:48+00:00","dateModified":"2025-03-24T09:47:26+00:00","breadcrumb":{"@id":"https:\/\/ay66f5bvlop.preview.infomaniak.website\/politique-de-confidentialite\/#breadcrumb"},"inLanguage":"en-GB","potentialAction":[{"@type":"ReadAction","target":["https:\/\/ay66f5bvlop.preview.infomaniak.website\/politique-de-confidentialite\/"]}]},{"@type":"BreadcrumbList","@id":"https:\/\/ay66f5bvlop.preview.infomaniak.website\/politique-de-confidentialite\/#breadcrumb","itemListElement":[{"@type":"ListItem","position":1,"name":"Home","item":"https:\/\/pibomulti.com\/"},{"@type":"ListItem","position":2,"name":"Politique de confidentialit\u00e9"}]},{"@type":"WebSite","@id":"https:\/\/ay66f5bvlop.preview.infomaniak.website\/#website","url":"https:\/\/ay66f5bvlop.preview.infomaniak.website\/","name":"PIBOMULTI S.A.","description":"Precision mechanics","publisher":{"@id":"https:\/\/ay66f5bvlop.preview.infomaniak.website\/#organization"},"potentialAction":[{"@type":"SearchAction","target":{"@type":"EntryPoint","urlTemplate":"https:\/\/ay66f5bvlop.preview.infomaniak.website\/?s={search_term_string}"},"query-input":{"@type":"PropertyValueSpecification","valueRequired":true,"valueName":"search_term_string"}}],"inLanguage":"en-GB"},{"@type":"Organization","@id":"https:\/\/ay66f5bvlop.preview.infomaniak.website\/#organization","name":"PIBOMULTI S.A.","url":"https:\/\/ay66f5bvlop.preview.infomaniak.website\/","logo":{"@type":"ImageObject","inLanguage":"en-GB","@id":"https:\/\/ay66f5bvlop.preview.infomaniak.website\/#\/schema\/logo\/image\/","url":"https:\/\/pibomulti.com\/wp-content\/uploads\/PIBOMULTI_NEW2_72ppp_2.png","contentUrl":"https:\/\/pibomulti.com\/wp-content\/uploads\/PIBOMULTI_NEW2_72ppp_2.png","width":5801,"height":1646,"caption":"PIBOMULTI S.A."},"image":{"@id":"https:\/\/ay66f5bvlop.preview.infomaniak.website\/#\/schema\/logo\/image\/"},"sameAs":["https:\/\/www.linkedin.com\/company\/pibomulti-s-a"]}]}},"_links":{"self":[{"href":"https:\/\/pibomulti.com\/en\/wp-json\/wp\/v2\/pages\/3","targetHints":{"allow":["GET"]}}],"collection":[{"href":"https:\/\/pibomulti.com\/en\/wp-json\/wp\/v2\/pages"}],"about":[{"href":"https:\/\/pibomulti.com\/en\/wp-json\/wp\/v2\/types\/page"}],"author":[{"embeddable":true,"href":"https:\/\/pibomulti.com\/en\/wp-json\/wp\/v2\/users\/1"}],"replies":[{"embeddable":true,"href":"https:\/\/pibomulti.com\/en\/wp-json\/wp\/v2\/comments?post=3"}],"version-history":[{"count":10,"href":"https:\/\/pibomulti.com\/en\/wp-json\/wp\/v2\/pages\/3\/revisions"}],"predecessor-version":[{"id":3059,"href":"https:\/\/pibomulti.com\/en\/wp-json\/wp\/v2\/pages\/3\/revisions\/3059"}],"wp:attachment":[{"href":"https:\/\/pibomulti.com\/en\/wp-json\/wp\/v2\/media?parent=3"}],"wp:term":[{"taxonomy":"folder","embeddable":true,"href":"https:\/\/pibomulti.com\/en\/wp-json\/wp\/v2\/folder?post=3"}],"curies":[{"name":"wp","href":"https:\/\/api.w.org\/{rel}","templated":true}]}}