{"id":593,"date":"2024-10-14T08:55:40","date_gmt":"2024-10-14T06:55:40","guid":{"rendered":"https:\/\/new.pibomulti.com\/?page_id=593"},"modified":"2025-07-07T15:49:06","modified_gmt":"2025-07-07T13:49:06","slug":"orologeria","status":"publish","type":"page","link":"https:\/\/pibomulti.com\/it\/orologeria\/","title":{"rendered":"Orologeria"},"content":{"rendered":"<section class=\"section shadow-header\" id=\"section_969124214\">\n\t\t<div class=\"section-bg fill\" >\n\t\t\t\t\t\t\t\t\t\n\t\t\t\n\n\t\t<\/div>\n\n\t\t\n\n\t\t<div class=\"section-content relative\">\n\t\t\t\n\n\t<div class=\"img has-hover x md-x lg-x y md-y lg-y\" id=\"image_78922531\">\n\t\t\t\t\t\t\t\t<div class=\"img-inner dark\" >\n\t\t\t<img loading=\"lazy\" decoding=\"async\" width=\"1920\" height=\"300\" src=\"https:\/\/pibomulti.com\/wp-content\/uploads\/horlogerie-banner-light.webp\" class=\"attachment-original size-original not-transparent\" alt=\"Orologeria\" srcset=\"https:\/\/pibomulti.com\/wp-content\/uploads\/horlogerie-banner-light.webp 1920w, https:\/\/pibomulti.com\/wp-content\/uploads\/horlogerie-banner-light-800x125.webp 800w, https:\/\/pibomulti.com\/wp-content\/uploads\/horlogerie-banner-light-1400x219.webp 1400w, https:\/\/pibomulti.com\/wp-content\/uploads\/horlogerie-banner-light-768x120.webp 768w, https:\/\/pibomulti.com\/wp-content\/uploads\/horlogerie-banner-light-1536x240.webp 1536w, https:\/\/pibomulti.com\/wp-content\/uploads\/horlogerie-banner-light-18x3.webp 18w\" sizes=\"auto, (max-width: 1920px) 100vw, 1920px\" data-has-transparency=\"false\" data-dominant-color=\"aaa39a\" style=\"--dominant-color: #aaa39a;\" \/>\t\t\t\t\t\t\n\t\t\t\t\t<\/div>\n\t\t\t\t\t\t\t\t\n<style>\n#image_78922531 {\n  width: 100%;\n}\n<\/style>\n\t<\/div>\n\t\n\n\n\t\t<\/div>\n\n\t\t\n<style>\n#section_969124214 {\n  padding-top: 0px;\n  padding-bottom: 0px;\n  min-height: 0px;\n}\n<\/style>\n\t<\/section>\n\t\n\n\t<section class=\"section\" id=\"section_1231044185\">\n\t\t<div class=\"section-bg fill\" >\n\t\t\t\t\t\t\t\t\t\n\t\t\t\n\n\t\t<\/div>\n\n\t\t\n\t<div class=\"ux-shape-divider ux-shape-divider--bottom ux-shape-divider--style-tilt\">\n\t\t<svg viewbox=\"0 0 1000 100\" xmlns=\"http:\/\/www.w3.org\/2000\/svg\" preserveaspectratio=\"none\">\n\t<path class=\"ux-shape-fill\" d=\"M1000 100V0L-40 100H1000Z\"\/>\n<\/svg>\n\t<\/div>\n\n\t\t<div class=\"section-content relative\">\n\t\t\t\n\n<div class=\"row row-collapse\" style=\"max-width:1200px\" id=\"row-456575168\">\n\n\n\t<div id=\"col-678411346\" class=\"col small-12 large-12\"  data-animate=\"fadeInUp\">\n\t\t\t\t<div class=\"col-inner box-shadow-5\" style=\"background-color:rgb(255,255,255);\" >\n\t\t\t\n\t<div class=\"is-border\"\n\t\tstyle=\"border-color:rgb(206, 14, 45);border-radius:25px;border-width:6px 0px 0px 0px;\">\n\t<\/div>\n\t\t\t\n\n\t<div id=\"text-3427371924\" class=\"text\">\n\t\t\n\n<h1>MODULO DI FORATURA PER FORI PERNO A MOLLA<\/h1>\n\t\t\n<style>\n#text-3427371924 {\n  font-size: 1.25rem;\n  text-align: center;\n}\n@media (min-width:550px) {\n  #text-3427371924 {\n    font-size: 1rem;\n  }\n}\n<\/style>\n\t<\/div>\n\t\n<div class=\"text-center\"><div class=\"is-divider divider clearfix\" style=\"max-width:100px;height:2px;background-color:rgb(206, 14, 45);\"><\/div><\/div>\n\n\t<div id=\"gap-1780437064\" class=\"gap-element clearfix\" style=\"display:block; height:auto;\">\n\t\t\n<style>\n#gap-1780437064 {\n  padding-top: 40px;\n}\n<\/style>\n\t<\/div>\n\t\n\n<div class=\"row align-middle\"  id=\"row-1288299173\">\n\n\n\t<div id=\"col-614519588\" class=\"col medium-7 small-12 large-7\"  >\n\t\t\t\t<div class=\"col-inner\"  >\n\t\t\t\n\t\t\t\n\n<h4><strong>Appositamente progettato per la decorazione di orologi<\/strong><\/h4>\n<p style=\"text-align: justify;\" class=\"translation-block\">Il modulo di foratura <strong>PIBOMULTI<\/strong>, altamente miniaturizzato, offre una soluzione precisa ed efficace per la foratura dei fori per il perno a molla nelle anse delle casse degli orologi e per tutte le altre applicazioni di gioielleria. Con una velocit\u00e0 del mandrino fino a 15.000 giri\/min, questo modulo garantisce una foratura perpendicolare precisa, prolungando contemporaneamente la durata degli utensili grazie all\u2019impiego di utensili corti.<\/p>\n<p style=\"text-align: justify;\">Questo processo, riconosciuto per la sua affidabilit\u00e0, si adatta agli standard di mercato ed \u00e8 compatibile con una vasta gamma di macchine utensili.<\/p>\n<p style=\"text-align: justify;\">Questo modulo \u00e8 l\u2019esempio perfetto del know-how di PIBOMULTI nella progettazione e realizzazione di utensili specifici su misura dedicati a un\u2019applicazione precisa.<\/p>\n\n\t\t<\/div>\n\t\t\t\t\t<\/div>\n\n\t\n\n\t<div id=\"col-888802586\" class=\"col medium-5 small-12 large-5\"  >\n\t\t\t\t<div class=\"col-inner text-center\"  >\n\t\t\t\n\t\t\t\n\n\t<div class=\"img has-hover x md-x lg-x y md-y lg-y\" id=\"image_665567088\">\n\t\t\t\t\t\t\t\t<div class=\"img-inner dark\" >\n\t\t\t<img loading=\"lazy\" decoding=\"async\" width=\"949\" height=\"800\" src=\"https:\/\/pibomulti.com\/wp-content\/uploads\/trous-de-barette-V2-949x800.webp\" class=\"attachment-large size-large has-transparency\" alt=\"Fori per strisce V2\" srcset=\"https:\/\/pibomulti.com\/wp-content\/uploads\/trous-de-barette-V2-949x800.webp 949w, https:\/\/pibomulti.com\/wp-content\/uploads\/trous-de-barette-V2-475x400.webp 475w, https:\/\/pibomulti.com\/wp-content\/uploads\/trous-de-barette-V2-768x647.webp 768w, https:\/\/pibomulti.com\/wp-content\/uploads\/trous-de-barette-V2-1536x1295.webp 1536w, https:\/\/pibomulti.com\/wp-content\/uploads\/trous-de-barette-V2-14x12.webp 14w, https:\/\/pibomulti.com\/wp-content\/uploads\/trous-de-barette-V2.webp 1571w\" sizes=\"auto, (max-width: 949px) 100vw, 949px\" data-has-transparency=\"true\" data-dominant-color=\"4b4949\" style=\"--dominant-color: #4b4949;\" \/>\t\t\t\t\t\t\n\t\t\t\t\t<\/div>\n\t\t\t\t\t\t\t\t\n<style>\n#image_665567088 {\n  width: 90%;\n}\n<\/style>\n\t<\/div>\n\t\n\n\n\t\t<\/div>\n\t\t\t\t\t<\/div>\n\n\t\n\n<\/div>\n<div class=\"row row-collapse align-middle\"  id=\"row-1823354846\">\n\n\n\t<div id=\"col-1660567609\" class=\"col medium-7 small-12 large-7\"  >\n\t\t\t\t<div class=\"col-inner\"  >\n\t\t\t\n\t\t\t\n\n\t<div id=\"text-3303805460\" class=\"text\">\n\t\t\n\n<div><div id=\"image-map-pro-2d5e0e64-132d-4793-8aed-dfad3c869d65\"><\/div><\/div>\n\t\t\n<style>\n#text-3303805460 {\n  text-align: center;\n}\n<\/style>\n\t<\/div>\n\t\n\n\t\t<\/div>\n\t\t\t\t\n<style>\n#col-1660567609 > .col-inner {\n  padding: 0px 20px 0px 0px;\n  margin: 0px 0px 30px 0px;\n}\n<\/style>\n\t<\/div>\n\n\t\n\n\t<div id=\"col-1763391008\" class=\"col medium-5 small-12 large-5\"  >\n\t\t\t\t<div class=\"col-inner\"  >\n\t\t\t\n\t\t\t\n\n<ul>\n<li>Foratura perpendicolare.<\/li>\n<li>Utensili corti.<\/li>\n<li>Durata degli utensili aumentata.<\/li>\n<li>Possibilit\u00e0 di eseguire smussature (utensili combinati).<\/li>\n<li>Riduzione dei tempi ciclo.<\/li>\n<li>Adattabile a tutti i tipi di macchina per evitare rilavorazioni.<\/li>\n<li>Velocit\u00e0 del mandrino: 15.000 giri\/min.<\/li>\n<\/ul>\n\n\t\t<\/div>\n\t\t\t\t\t<\/div>\n\n\t\n\n<\/div>\n<div class=\"row row-collapse\"  id=\"row-1265398368\">\n\n\n\t<div id=\"col-194456677\" class=\"col small-12 large-12\"  >\n\t\t\t\t<div class=\"col-inner text-center\"  >\n\t\t\t\n\t\t\t\n\n\t<div class=\"img has-hover x md-x lg-x y md-y lg-y\" id=\"image_1336961349\">\n\t\t\t\t\t\t<div data-animate=\"bounceIn\">\t\t<div class=\"img-inner dark\" >\n\t\t\t<img loading=\"lazy\" decoding=\"async\" width=\"1020\" height=\"107\" src=\"https:\/\/pibomulti.com\/wp-content\/uploads\/SWISS_MADE_300ppp-1400x147.webp\" class=\"attachment-large size-large has-transparency\" alt=\"SWISS MADE 300ppp in scala\" srcset=\"https:\/\/pibomulti.com\/wp-content\/uploads\/SWISS_MADE_300ppp-1400x147.webp 1400w, https:\/\/pibomulti.com\/wp-content\/uploads\/SWISS_MADE_300ppp-800x84.webp 800w, https:\/\/pibomulti.com\/wp-content\/uploads\/SWISS_MADE_300ppp-768x81.webp 768w, https:\/\/pibomulti.com\/wp-content\/uploads\/SWISS_MADE_300ppp-1536x162.webp 1536w, https:\/\/pibomulti.com\/wp-content\/uploads\/SWISS_MADE_300ppp-2048x215.webp 2048w, https:\/\/pibomulti.com\/wp-content\/uploads\/SWISS_MADE_300ppp-18x2.webp 18w\" sizes=\"auto, (max-width: 1020px) 100vw, 1020px\" data-has-transparency=\"true\" data-dominant-color=\"241516\" style=\"--dominant-color: #241516;\" \/>\t\t\t\t\t\t\n\t\t\t\t\t<\/div>\n\t\t<\/div>\t\t\t\t\t\t\n<style>\n#image_1336961349 {\n  width: 50%;\n}\n@media (min-width:550px) {\n  #image_1336961349 {\n    width: 15%;\n  }\n}\n<\/style>\n\t<\/div>\n\t\n\n\n\t\t<\/div>\n\t\t\t\t\n<style>\n#col-194456677 > .col-inner {\n  margin: 20px 0px 0px 0px;\n}\n@media (min-width:550px) {\n  #col-194456677 > .col-inner {\n    margin: 50px 0px 0px 0px;\n  }\n}\n<\/style>\n\t<\/div>\n\n\t\n\n<\/div>\n\n\t\t<\/div>\n\t\t\t\t\n<style>\n#col-678411346 > .col-inner {\n  padding: 20px 20px 20px 20px;\n  margin: -30px 0px 0px 0px;\n  border-radius: 25px;\n}\n@media (min-width:550px) {\n  #col-678411346 > .col-inner {\n    padding: 60px 60px 60px 60px;\n    margin: -80px 0px 0px 0px;\n  }\n}\n@media (min-width:850px) {\n  #col-678411346 > .col-inner {\n    margin: -170px 0px 0px 0px;\n  }\n}\n<\/style>\n\t<\/div>\n\n\t\n\n<\/div>\n\n\t\t<\/div>\n\n\t\t\n<style>\n#section_1231044185 {\n  padding-top: 20px;\n  padding-bottom: 20px;\n}\n#section_1231044185 .ux-shape-divider--bottom svg {\n  height: 100px;\n  --divider-width: 100%;\n}\n#section_1231044185 .ux-shape-divider--bottom .ux-shape-fill {\n  fill: rgb(64, 70, 76);\n}\n@media (min-width:550px) {\n  #section_1231044185 {\n    padding-top: 60px;\n    padding-bottom: 60px;\n  }\n}\n<\/style>\n\t<\/section>\n\t\n\n\t<section class=\"section dark\" id=\"section_780066498\">\n\t\t<div class=\"section-bg fill\" >\n\t\t\t\t\t\t\t\t\t\n\t\t\t\n\n\t\t<\/div>\n\n\t\t\n\n\t\t<div class=\"section-content relative\">\n\t\t\t\n\n<div class=\"row\"  id=\"row-66844655\">\n\n\n\t<div id=\"col-557580276\" class=\"col small-12 large-12\"  >\n\t\t\t\t<div class=\"col-inner\"  >\n\t\t\t\n\t\t\t\n\n<div class=\"row row-collapse row-full-width align-center\"  id=\"row-836833734\">\n\n\n\t<div id=\"col-1631692188\" class=\"col small-12 large-12\"  >\n\t\t\t\t<div class=\"col-inner\"  >\n\t\t\t\n\t\t\t\n\n\t<div id=\"text-3662055435\" class=\"text\">\n\t\t\n\n<h2>Cataloghi<\/h2>\n\t\t\n<style>\n#text-3662055435 {\n  font-size: 1.25rem;\n}\n<\/style>\n\t<\/div>\n\t\n<div class=\"is-divider divider clearfix\" style=\"margin-top:0px;margin-bottom:0px;max-width:1300px;height:1px;background-color:rgb(206, 14, 45);\"><\/div>\n\n\t<div id=\"gap-1527666904\" class=\"gap-element clearfix\" style=\"display:block; height:auto;\">\n\t\t\n<style>\n#gap-1527666904 {\n  padding-top: 20px;\n}\n<\/style>\n\t<\/div>\n\t\n\n\t<div id=\"text-2098845288\" class=\"text\">\n\t\t\n\n<p style=\"text-align: justify;\">Scoprite i nostri cataloghi prodotti per esplorare nel dettaglio la gamma completa delle nostre soluzioni, progettate per soddisfare le vostre esigenze di lavorazione di precisione. Se avete richieste specifiche o progetti che richiedono teste speciali su misura, non esitate a contattarci. La nostra esperienza e flessibilit\u00e0 ci permettono di sviluppare soluzioni personalizzate adatte alle vostre esigenze. Il vostro progetto merita un\u2019attenzione su misura: parliamone insieme!<\/p>\n\t\t\n<style>\n#text-2098845288 {\n  text-align: left;\n}\n<\/style>\n\t<\/div>\n\t\n\n\t\t<\/div>\n\t\t\t\t\t<\/div>\n\n\t\n\n<\/div>\n\n\t\t<\/div>\n\t\t\t\t\t<\/div>\n\n\t\n\n<\/div>\n<div class=\"row align-center catalogues\"  id=\"row-880952461\">\n\n\n\t<div id=\"col-1124628354\" class=\"col hide-for-small medium-4 small-12 large-4\"  >\n\t\t\t\t<div class=\"col-inner\"  >\n\t\t\t\n\t\t\t\n\n\n\t\t<\/div>\n\t\t\t\t\t<\/div>\n\n\t\n\n\t<div id=\"col-554543942\" class=\"col medium-4 small-12 large-4\"  >\n\t\t\t\t<div class=\"col-inner\"  >\n\t\t\t\n\t\t\t\n\n\t<div id=\"text-3486882108\" class=\"text\">\n\t\t\n\n<h2 style=\"text-align: center;\">OROLOGERIA<\/h2>\n\t\t\n<style>\n#text-3486882108 {\n  font-size: 1rem;\n  text-align: center;\n}\n@media (min-width:550px) {\n  #text-3486882108 {\n    font-size: 1rem;\n  }\n}\n<\/style>\n\t<\/div>\n\t\n\t<div id=\"gap-1832840002\" class=\"gap-element clearfix\" style=\"display:block; height:auto;\">\n\t\t\n<style>\n#gap-1832840002 {\n  padding-top: 15px;\n}\n<\/style>\n\t<\/div>\n\t\n\n\t<div class=\"img has-hover x md-x lg-x y md-y lg-y\" id=\"image_572479775\">\n\t\t<a class=\"\" href=\"\/wp-content\/uploads\/catalogues\/barrettes.pdf\" target=\"_blank\" rel=\"Horlogerie noopener\" >\t\t\t\t\t\t<div class=\"img-inner dark\" >\n\t\t\t<img loading=\"lazy\" decoding=\"async\" width=\"563\" height=\"800\" src=\"https:\/\/pibomulti.com\/wp-content\/uploads\/2024\/10\/barrettes-563x800.webp\" class=\"attachment-large size-large not-transparent\" alt=\"bar\" srcset=\"https:\/\/pibomulti.com\/wp-content\/uploads\/2024\/10\/barrettes-563x800.webp 563w, https:\/\/pibomulti.com\/wp-content\/uploads\/2024\/10\/barrettes-281x400.webp 281w, https:\/\/pibomulti.com\/wp-content\/uploads\/2024\/10\/barrettes-768x1091.webp 768w, https:\/\/pibomulti.com\/wp-content\/uploads\/2024\/10\/barrettes-1081x1536.webp 1081w, https:\/\/pibomulti.com\/wp-content\/uploads\/2024\/10\/barrettes-8x12.webp 8w, https:\/\/pibomulti.com\/wp-content\/uploads\/2024\/10\/barrettes.webp 1183w\" sizes=\"auto, (max-width: 563px) 100vw, 563px\" data-has-transparency=\"false\" data-dominant-color=\"dcc991\" style=\"--dominant-color: #dcc991;\" \/>\t\t\t\t\t\t\n\t\t\t\t\t<\/div>\n\t\t\t\t\t\t<\/a>\t\t\n<style>\n#image_572479775 {\n  width: 100%;\n}\n<\/style>\n\t<\/div>\n\t\n\n\n\t\t<\/div>\n\t\t\t\t\t<\/div>\n\n\t\n\n\t<div id=\"col-1993816485\" class=\"col hide-for-small medium-4 small-12 large-4\"  >\n\t\t\t\t<div class=\"col-inner\"  >\n\t\t\t\n\t\t\t\n\n\n\t\t<\/div>\n\t\t\t\t\t<\/div>\n\n\t\n\n\n<style>\n#row-880952461 > .col > .col-inner {\n  padding: 0px 0px 30px 0px;\n}\n<\/style>\n<\/div>\n\n\t\t<\/div>\n\n\t\t\n<style>\n#section_780066498 {\n  padding-top: 20px;\n  padding-bottom: 20px;\n  background-color: rgb(64, 70, 76);\n}\n@media (min-width:550px) {\n  #section_780066498 {\n    padding-top: 70px;\n    padding-bottom: 70px;\n  }\n}\n@media (min-width:850px) {\n  #section_780066498 {\n    padding-top: 40px;\n    padding-bottom: 40px;\n  }\n}\n<\/style>\n\t<\/section>\n\t\n\n\t<section class=\"section\" id=\"section_1310780127\">\n\t\t<div class=\"section-bg fill\" >\n\t\t\t\t\t\t\t\t\t\n\t\t\t\n\t<div class=\"is-border\"\n\t\tstyle=\"border-color:rgb(206, 14, 45);border-width:0px 0px 0px 0px;\">\n\t<\/div>\n\n\t\t<\/div>\n\n\t\t\t<div class=\"ux-shape-divider ux-shape-divider--top ux-shape-divider--style-tilt\">\n\t\t<svg viewbox=\"0 0 1000 100\" xmlns=\"http:\/\/www.w3.org\/2000\/svg\" preserveaspectratio=\"none\">\n\t<path class=\"ux-shape-fill\" d=\"M1000 100V0L-40 100H1000Z\"\/>\n<\/svg>\n\t<\/div>\n\n\n\t\t<div class=\"section-content relative\">\n\t\t\t\n\n<div class=\"row\"  id=\"row-1868789154\">\n\n\n\t<div id=\"col-994922048\" class=\"col small-12 large-12\"  data-animate=\"bounceIn\">\n\t\t\t\t<div class=\"col-inner box-shadow-5\" style=\"background-color:rgb(242, 242, 242);\" >\n\t\t\t\n\t<div class=\"is-border\"\n\t\tstyle=\"border-color:rgb(206, 14, 45);border-radius:25px;border-width:4px 4px 4px 4px;\">\n\t<\/div>\n\t\t\t\n\n<div class=\"row align-middle align-center\" style=\"max-width:1200px\" id=\"row-1738301276\">\n\n\n\t<div id=\"col-1165614296\" class=\"col small-12 large-12\"  >\n\t\t\t\t<div class=\"col-inner\"  >\n\t\t\t\n\t\t\t\n\n<h3 style=\"text-align: center;\"><strong><span style=\"font-size: 140%;\">Avete bisogno di una soluzione su misura per i vostri progetti?<\/span><\/strong><\/h3>\n<h4 style=\"text-align: center;\"><span style=\"font-size: 140%;\">Senza ulteriori attese,<\/span><\/h4>\n<div class=\"row align-middle align-center\"  id=\"row-2080987826\">\n\n\n\t<div id=\"col-1905789038\" class=\"col medium-5 small-12 large-5\"  >\n\t\t\t\t<div class=\"col-inner text-center\"  >\n\t\t\t\n\t\t\t\n\n<a data-animate=\"bounceIn\" href=\"\/it\/contatto\/?wpf750_9=Demande%20de%20devis#pbm-contact-form\" class=\"button primary box-shadow-3 box-shadow-5-hover expand\" style=\"border-radius:50px;padding:5px 30px 5px 30px;\">\n\t\t<span>Richiedete un preventivo<\/span>\n\t<\/a>\n\n\n\n\t\t<\/div>\n\t\t\t\t\n<style>\n#col-1905789038 > .col-inner {\n  margin: 40px 0px 0px 0px;\n}\n<\/style>\n\t<\/div>\n\n\t\n\n\t<div id=\"col-791955251\" class=\"col cta-or medium-2 small-12 large-2\"  >\n\t\t\t\t<div class=\"col-inner text-center\"  >\n\t\t\t\n\t\t\t\n\n\t<div id=\"text-924915426\" class=\"text\">\n\t\t\n\n<p style=\"text-align: center;\">OPPURE<\/p>\n\t\t\n<style>\n#text-924915426 {\n  font-size: 2rem;\n  text-align: center;\n}\n<\/style>\n\t<\/div>\n\t\n\n\t\t<\/div>\n\t\t\t\t\n<style>\n#col-791955251 > .col-inner {\n  margin: 40px 0px 0px 0px;\n}\n<\/style>\n\t<\/div>\n\n\t\n\n\t<div id=\"col-1165687933\" class=\"col medium-5 small-12 large-5\"  >\n\t\t\t\t<div class=\"col-inner text-center\"  >\n\t\t\t\n\t\t\t\n\n<a data-animate=\"bounceIn\" href=\"\/it\/contatto\/\" class=\"button primary box-shadow-3 box-shadow-5-hover expand\" style=\"border-radius:50px;padding:5px 30px 5px 30px;\">\n\t\t<span>Contattateci<\/span>\n\t<\/a>\n\n\n\n\t\t<\/div>\n\t\t\t\t\n<style>\n#col-1165687933 > .col-inner {\n  padding: 5px 0px 5px 0px;\n  margin: 40px 0px 0px 0px;\n}\n<\/style>\n\t<\/div>\n\n\t\n\n<\/div>\n\n\t\t<\/div>\n\t\t\t\t\n<style>\n#col-1165614296 > .col-inner {\n  margin: 30px 0px 0px 0px;\n}\n<\/style>\n\t<\/div>\n\n\t\n\n<\/div>\n\n\t\t<\/div>\n\t\t\t\t\n<style>\n#col-994922048 > .col-inner {\n  padding: 30px 20px 0px 20px;\n  margin: -40px 0px 40px 0px;\n  border-radius: 25px;\n}\n@media (min-width:550px) {\n  #col-994922048 > .col-inner {\n    padding: 60px 60px 30px 60px;\n    margin: 0px 0px 90px 0px;\n  }\n}\n<\/style>\n\t<\/div>\n\n\t\n\n<\/div>\n\n\t\t<\/div>\n\n\t\t\n<style>\n#section_1310780127 {\n  padding-top: 0px;\n  padding-bottom: 0px;\n}\n#section_1310780127 .ux-shape-divider--top svg {\n  height: 100px;\n  --divider-top-width: 100%;\n}\n#section_1310780127 .ux-shape-divider--top .ux-shape-fill {\n  fill: rgb(64, 70, 76);\n}\n@media (min-width:550px) {\n  #section_1310780127 {\n    padding-top: 75px;\n    padding-bottom: 75px;\n  }\n}\n@media (min-width:850px) {\n  #section_1310780127 {\n    padding-top: 0px;\n    padding-bottom: 0px;\n  }\n}\n<\/style>\n\t<\/section>","protected":false},"excerpt":{"rendered":"","protected":false},"author":1,"featured_media":0,"parent":0,"menu_order":0,"comment_status":"closed","ping_status":"closed","template":"page-blank.php","meta":{"footnotes":""},"folder":[],"class_list":["post-593","page","type-page","status-publish","hentry"],"yoast_head":"<!-- This site is optimized with the Yoast SEO plugin v26.9 - https:\/\/yoast.com\/product\/yoast-seo-wordpress\/ -->\n<title>Horlogerie - PIBOMULTI S.A.<\/title>\n<meta name=\"description\" content=\"Le module de per\u00e7age PIBOMULTI, hautement miniaturis\u00e9, offre une solution pr\u00e9cise et efficace pour le per\u00e7age de trous de barrettes.\" \/>\n<meta name=\"robots\" content=\"index, follow, max-snippet:-1, max-image-preview:large, max-video-preview:-1\" \/>\n<link rel=\"canonical\" href=\"https:\/\/ay66f5bvlop.preview.infomaniak.website\/horlogerie\/\" \/>\n<meta property=\"og:locale\" content=\"it_IT\" \/>\n<meta property=\"og:type\" content=\"article\" \/>\n<meta property=\"og:title\" content=\"Horlogerie - PIBOMULTI S.A.\" \/>\n<meta property=\"og:description\" content=\"Le module de per\u00e7age PIBOMULTI, hautement miniaturis\u00e9, offre une solution pr\u00e9cise et efficace pour le per\u00e7age de trous de barrettes.\" \/>\n<meta property=\"og:url\" content=\"https:\/\/ay66f5bvlop.preview.infomaniak.website\/horlogerie\/\" \/>\n<meta property=\"og:site_name\" content=\"PIBOMULTI S.A.\" \/>\n<meta property=\"article:modified_time\" content=\"2025-07-07T13:49:06+00:00\" \/>\n<meta name=\"twitter:card\" content=\"summary_large_image\" \/>\n<meta name=\"twitter:label1\" content=\"Tempo di lettura stimato\" \/>\n\t<meta name=\"twitter:data1\" content=\"3 minuti\" \/>\n<script type=\"application\/ld+json\" class=\"yoast-schema-graph\">{\"@context\":\"https:\/\/schema.org\",\"@graph\":[{\"@type\":\"WebPage\",\"@id\":\"https:\/\/ay66f5bvlop.preview.infomaniak.website\/horlogerie\/\",\"url\":\"https:\/\/ay66f5bvlop.preview.infomaniak.website\/horlogerie\/\",\"name\":\"Horlogerie - PIBOMULTI S.A.\",\"isPartOf\":{\"@id\":\"https:\/\/ay66f5bvlop.preview.infomaniak.website\/#website\"},\"datePublished\":\"2024-10-14T06:55:40+00:00\",\"dateModified\":\"2025-07-07T13:49:06+00:00\",\"description\":\"Le module de per\u00e7age PIBOMULTI, hautement miniaturis\u00e9, offre une solution pr\u00e9cise et efficace pour le per\u00e7age de trous de barrettes.\",\"breadcrumb\":{\"@id\":\"https:\/\/ay66f5bvlop.preview.infomaniak.website\/horlogerie\/#breadcrumb\"},\"inLanguage\":\"it-IT\",\"potentialAction\":[{\"@type\":\"ReadAction\",\"target\":[\"https:\/\/ay66f5bvlop.preview.infomaniak.website\/horlogerie\/\"]}]},{\"@type\":\"BreadcrumbList\",\"@id\":\"https:\/\/ay66f5bvlop.preview.infomaniak.website\/horlogerie\/#breadcrumb\",\"itemListElement\":[{\"@type\":\"ListItem\",\"position\":1,\"name\":\"Home\",\"item\":\"https:\/\/pibomulti.com\/\"},{\"@type\":\"ListItem\",\"position\":2,\"name\":\"Horlogerie\"}]},{\"@type\":\"WebSite\",\"@id\":\"https:\/\/ay66f5bvlop.preview.infomaniak.website\/#website\",\"url\":\"https:\/\/ay66f5bvlop.preview.infomaniak.website\/\",\"name\":\"PIBOMULTI S.A.\",\"description\":\"M\u00e9canique de pr\u00e9cision\",\"publisher\":{\"@id\":\"https:\/\/ay66f5bvlop.preview.infomaniak.website\/#organization\"},\"potentialAction\":[{\"@type\":\"SearchAction\",\"target\":{\"@type\":\"EntryPoint\",\"urlTemplate\":\"https:\/\/ay66f5bvlop.preview.infomaniak.website\/?s={search_term_string}\"},\"query-input\":{\"@type\":\"PropertyValueSpecification\",\"valueRequired\":true,\"valueName\":\"search_term_string\"}}],\"inLanguage\":\"it-IT\"},{\"@type\":\"Organization\",\"@id\":\"https:\/\/ay66f5bvlop.preview.infomaniak.website\/#organization\",\"name\":\"PIBOMULTI S.A.\",\"url\":\"https:\/\/ay66f5bvlop.preview.infomaniak.website\/\",\"logo\":{\"@type\":\"ImageObject\",\"inLanguage\":\"it-IT\",\"@id\":\"https:\/\/ay66f5bvlop.preview.infomaniak.website\/#\/schema\/logo\/image\/\",\"url\":\"https:\/\/pibomulti.com\/wp-content\/uploads\/PIBOMULTI_NEW2_72ppp_2.png\",\"contentUrl\":\"https:\/\/pibomulti.com\/wp-content\/uploads\/PIBOMULTI_NEW2_72ppp_2.png\",\"width\":5801,\"height\":1646,\"caption\":\"PIBOMULTI S.A.\"},\"image\":{\"@id\":\"https:\/\/ay66f5bvlop.preview.infomaniak.website\/#\/schema\/logo\/image\/\"},\"sameAs\":[\"https:\/\/www.linkedin.com\/company\/pibomulti-s-a\"]}]}<\/script>\n<!-- \/ Yoast SEO plugin. -->","yoast_head_json":{"title":"Orologeria - PIBOMULTI S.A.","description":"Il modulo di foratura PIBOMULTI, altamente miniaturizzato, offre una soluzione precisa ed efficiente per la realizzazione di fori a nastro.","robots":{"index":"index","follow":"follow","max-snippet":"max-snippet:-1","max-image-preview":"max-image-preview:large","max-video-preview":"max-video-preview:-1"},"canonical":"https:\/\/ay66f5bvlop.preview.infomaniak.website\/horlogerie\/","og_locale":"it_IT","og_type":"article","og_title":"Horlogerie - PIBOMULTI S.A.","og_description":"Le module de per\u00e7age PIBOMULTI, hautement miniaturis\u00e9, offre une solution pr\u00e9cise et efficace pour le per\u00e7age de trous de barrettes.","og_url":"https:\/\/ay66f5bvlop.preview.infomaniak.website\/horlogerie\/","og_site_name":"PIBOMULTI S.A.","article_modified_time":"2025-07-07T13:49:06+00:00","twitter_card":"summary_large_image","twitter_misc":{"Tempo di lettura stimato":"3 minuti"},"schema":{"@context":"https:\/\/schema.org","@graph":[{"@type":"WebPage","@id":"https:\/\/ay66f5bvlop.preview.infomaniak.website\/horlogerie\/","url":"https:\/\/ay66f5bvlop.preview.infomaniak.website\/horlogerie\/","name":"Orologeria - PIBOMULTI S.A.","isPartOf":{"@id":"https:\/\/ay66f5bvlop.preview.infomaniak.website\/#website"},"datePublished":"2024-10-14T06:55:40+00:00","dateModified":"2025-07-07T13:49:06+00:00","description":"Il modulo di foratura PIBOMULTI, altamente miniaturizzato, offre una soluzione precisa ed efficiente per la realizzazione di fori a nastro.","breadcrumb":{"@id":"https:\/\/ay66f5bvlop.preview.infomaniak.website\/horlogerie\/#breadcrumb"},"inLanguage":"it-IT","potentialAction":[{"@type":"ReadAction","target":["https:\/\/ay66f5bvlop.preview.infomaniak.website\/horlogerie\/"]}]},{"@type":"BreadcrumbList","@id":"https:\/\/ay66f5bvlop.preview.infomaniak.website\/horlogerie\/#breadcrumb","itemListElement":[{"@type":"ListItem","position":1,"name":"Home","item":"https:\/\/pibomulti.com\/"},{"@type":"ListItem","position":2,"name":"Horlogerie"}]},{"@type":"WebSite","@id":"https:\/\/ay66f5bvlop.preview.infomaniak.website\/#website","url":"https:\/\/ay66f5bvlop.preview.infomaniak.website\/","name":"PIBOMULTI S.A.","description":"Meccanica di precisione","publisher":{"@id":"https:\/\/ay66f5bvlop.preview.infomaniak.website\/#organization"},"potentialAction":[{"@type":"SearchAction","target":{"@type":"EntryPoint","urlTemplate":"https:\/\/ay66f5bvlop.preview.infomaniak.website\/?s={search_term_string}"},"query-input":{"@type":"PropertyValueSpecification","valueRequired":true,"valueName":"search_term_string"}}],"inLanguage":"it-IT"},{"@type":"Organization","@id":"https:\/\/ay66f5bvlop.preview.infomaniak.website\/#organization","name":"PIBOMULTI S.A.","url":"https:\/\/ay66f5bvlop.preview.infomaniak.website\/","logo":{"@type":"ImageObject","inLanguage":"it-IT","@id":"https:\/\/ay66f5bvlop.preview.infomaniak.website\/#\/schema\/logo\/image\/","url":"https:\/\/pibomulti.com\/wp-content\/uploads\/PIBOMULTI_NEW2_72ppp_2.png","contentUrl":"https:\/\/pibomulti.com\/wp-content\/uploads\/PIBOMULTI_NEW2_72ppp_2.png","width":5801,"height":1646,"caption":"PIBOMULTI S.A."},"image":{"@id":"https:\/\/ay66f5bvlop.preview.infomaniak.website\/#\/schema\/logo\/image\/"},"sameAs":["https:\/\/www.linkedin.com\/company\/pibomulti-s-a"]}]}},"_links":{"self":[{"href":"https:\/\/pibomulti.com\/it\/wp-json\/wp\/v2\/pages\/593","targetHints":{"allow":["GET"]}}],"collection":[{"href":"https:\/\/pibomulti.com\/it\/wp-json\/wp\/v2\/pages"}],"about":[{"href":"https:\/\/pibomulti.com\/it\/wp-json\/wp\/v2\/types\/page"}],"author":[{"embeddable":true,"href":"https:\/\/pibomulti.com\/it\/wp-json\/wp\/v2\/users\/1"}],"replies":[{"embeddable":true,"href":"https:\/\/pibomulti.com\/it\/wp-json\/wp\/v2\/comments?post=593"}],"version-history":[{"count":38,"href":"https:\/\/pibomulti.com\/it\/wp-json\/wp\/v2\/pages\/593\/revisions"}],"predecessor-version":[{"id":3091,"href":"https:\/\/pibomulti.com\/it\/wp-json\/wp\/v2\/pages\/593\/revisions\/3091"}],"wp:attachment":[{"href":"https:\/\/pibomulti.com\/it\/wp-json\/wp\/v2\/media?parent=593"}],"wp:term":[{"taxonomy":"folder","embeddable":true,"href":"https:\/\/pibomulti.com\/it\/wp-json\/wp\/v2\/folder?post=593"}],"curies":[{"name":"wp","href":"https:\/\/api.w.org\/{rel}","templated":true}]}}